{"id":847,"date":"2023-11-22T05:27:26","date_gmt":"2023-11-21T23:27:26","guid":{"rendered":"https:\/\/alprahealth.com\/?post_type=product&#038;p=847"},"modified":"2023-11-23T05:39:36","modified_gmt":"2023-11-22T23:39:36","slug":"bacteriostatisch-water-kopen","status":"publish","type":"product","link":"https:\/\/alprahealth.com\/pl\/produkt\/bacteriostatisch-water-kopen\/","title":{"rendered":"Bacteriostatisch Water Kopen"},"content":{"rendered":"<p>Bacteriostatisch Water Kopen<\/p>\n","protected":false},"excerpt":{"rendered":"<p>Bacteriostatisch Water Kopen<\/p>\n","protected":false},"featured_media":889,"template":"","meta":{"_sitemap_exclude":false,"_sitemap_priority":"","_sitemap_frequency":"","_monsterinsights_skip_tracking":false,"_monsterinsights_sitenote_active":false,"_monsterinsights_sitenote_note":"","_monsterinsights_sitenote_category":0},"product_brand":[],"product_cat":[203],"product_tag":[],"class_list":{"0":"post-847","1":"product","2":"type-product","3":"status-publish","4":"has-post-thumbnail","6":"product_cat-steroide","8":"first","9":"instock","10":"shipping-taxable","11":"purchasable","12":"product-type-variable"},"yoast_head":"<!-- This site is optimized with the Yoast SEO Premium plugin v23.5 (Yoast SEO v27.3) - https:\/\/yoast.com\/product\/yoast-seo-premium-wordpress\/ -->\n<title>Bacteriostatisch Water Kopen - Alprazolam Health<\/title>\n<meta name=\"description\" content=\"Bacteriostatisch Water Kopen\" \/>\n<meta name=\"robots\" content=\"index, follow, max-snippet:-1, max-image-preview:large, max-video-preview:-1\" \/>\n<link rel=\"canonical\" href=\"https:\/\/alprahealth.com\/pl\/produkt\/bacteriostatisch-water-kopen\/\" \/>\n<meta property=\"og:locale\" content=\"pl_PL\" \/>\n<meta property=\"og:type\" content=\"article\" \/>\n<meta property=\"og:title\" content=\"Bacteriostatisch Water Kopen\" \/>\n<meta property=\"og:description\" content=\"Bacteriostatisch Water Kopen\" \/>\n<meta property=\"og:url\" content=\"https:\/\/alprahealth.com\/pl\/produkt\/bacteriostatisch-water-kopen\/\" \/>\n<meta property=\"og:site_name\" content=\"Alprazolam Health\" \/>\n<meta property=\"article:modified_time\" content=\"2023-11-22T23:39:36+00:00\" \/>\n<meta property=\"og:image\" content=\"https:\/\/alprahealth.com\/wp-content\/uploads\/2023\/11\/download.png\" \/>\n\t<meta property=\"og:image:width\" content=\"224\" \/>\n\t<meta property=\"og:image:height\" content=\"224\" \/>\n\t<meta property=\"og:image:type\" content=\"image\/png\" \/>\n<meta name=\"twitter:card\" content=\"summary_large_image\" \/>\n<meta name=\"twitter:label1\" content=\"Dost\u0119pno\u015b\u0107\" \/>\n\t<meta name=\"twitter:data1\" content=\"Dost\u0119pny\" \/>\n<script type=\"application\/ld+json\" class=\"yoast-schema-graph\">{\"@context\":\"https:\\\/\\\/schema.org\",\"@graph\":[{\"@type\":\"WebPage\",\"@id\":\"https:\\\/\\\/alprahealth.com\\\/product\\\/bacteriostatisch-water-kopen\\\/\",\"url\":\"https:\\\/\\\/alprahealth.com\\\/product\\\/bacteriostatisch-water-kopen\\\/\",\"name\":\"Bacteriostatisch Water Kopen - Alprazolam Health\",\"isPartOf\":{\"@id\":\"https:\\\/\\\/alprahealth.com\\\/#website\"},\"primaryImageOfPage\":{\"@id\":\"https:\\\/\\\/alprahealth.com\\\/product\\\/bacteriostatisch-water-kopen\\\/#primaryimage\"},\"image\":{\"@id\":\"https:\\\/\\\/alprahealth.com\\\/product\\\/bacteriostatisch-water-kopen\\\/#primaryimage\"},\"thumbnailUrl\":\"https:\\\/\\\/alprahealth.com\\\/wp-content\\\/uploads\\\/2023\\\/11\\\/download.png\",\"datePublished\":\"2023-11-21T23:27:26+00:00\",\"dateModified\":\"2023-11-22T23:39:36+00:00\",\"description\":\"Bacteriostatisch Water Kopen\",\"breadcrumb\":{\"@id\":\"https:\\\/\\\/alprahealth.com\\\/product\\\/bacteriostatisch-water-kopen\\\/#breadcrumb\"},\"inLanguage\":\"pl-PL\",\"potentialAction\":[{\"@type\":\"ReadAction\",\"target\":[\"https:\\\/\\\/alprahealth.com\\\/product\\\/bacteriostatisch-water-kopen\\\/\"]}]},{\"@type\":\"ImageObject\",\"inLanguage\":\"pl-PL\",\"@id\":\"https:\\\/\\\/alprahealth.com\\\/product\\\/bacteriostatisch-water-kopen\\\/#primaryimage\",\"url\":\"https:\\\/\\\/alprahealth.com\\\/wp-content\\\/uploads\\\/2023\\\/11\\\/download.png\",\"contentUrl\":\"https:\\\/\\\/alprahealth.com\\\/wp-content\\\/uploads\\\/2023\\\/11\\\/download.png\",\"width\":224,\"height\":224},{\"@type\":\"BreadcrumbList\",\"@id\":\"https:\\\/\\\/alprahealth.com\\\/product\\\/bacteriostatisch-water-kopen\\\/#breadcrumb\",\"itemListElement\":[{\"@type\":\"ListItem\",\"position\":1,\"name\":\"Home\",\"item\":\"https:\\\/\\\/alprahealth.com\\\/\"},{\"@type\":\"ListItem\",\"position\":2,\"name\":\"Shop\",\"item\":\"https:\\\/\\\/alprahealth.com\\\/shop\\\/\"},{\"@type\":\"ListItem\",\"position\":3,\"name\":\"Bacteriostatisch Water Kopen\"}]},{\"@type\":\"WebSite\",\"@id\":\"https:\\\/\\\/alprahealth.com\\\/#website\",\"url\":\"https:\\\/\\\/alprahealth.com\\\/\",\"name\":\"Alprazolam Health\",\"description\":\"Buy Alprazolam Online\",\"publisher\":{\"@id\":\"https:\\\/\\\/alprahealth.com\\\/#organization\"},\"potentialAction\":[{\"@type\":\"SearchAction\",\"target\":{\"@type\":\"EntryPoint\",\"urlTemplate\":\"https:\\\/\\\/alprahealth.com\\\/?s={search_term_string}\"},\"query-input\":{\"@type\":\"PropertyValueSpecification\",\"valueRequired\":true,\"valueName\":\"search_term_string\"}}],\"inLanguage\":\"pl-PL\"},{\"@type\":\"Organization\",\"@id\":\"https:\\\/\\\/alprahealth.com\\\/#organization\",\"name\":\"Alprazolam Health\",\"url\":\"https:\\\/\\\/alprahealth.com\\\/\",\"logo\":{\"@type\":\"ImageObject\",\"inLanguage\":\"pl-PL\",\"@id\":\"https:\\\/\\\/alprahealth.com\\\/#\\\/schema\\\/logo\\\/image\\\/\",\"url\":\"https:\\\/\\\/alprahealth.com\\\/wp-content\\\/uploads\\\/2023\\\/04\\\/cropped-alprahealth.jpg\",\"contentUrl\":\"https:\\\/\\\/alprahealth.com\\\/wp-content\\\/uploads\\\/2023\\\/04\\\/cropped-alprahealth.jpg\",\"width\":512,\"height\":512,\"caption\":\"Alprazolam Health\"},\"image\":{\"@id\":\"https:\\\/\\\/alprahealth.com\\\/#\\\/schema\\\/logo\\\/image\\\/\"}}]}<\/script>\n<meta property=\"og:availability\" content=\"instock\" \/>\n<meta property=\"product:availability\" content=\"instock\" \/>\n<meta property=\"product:condition\" content=\"new\" \/>\n<!-- \/ Yoast SEO Premium plugin. -->","yoast_head_json":{"title":"Bacteriostatisch Water Kopen - Alprazolam Health","description":"Bacteriostatisch Water Kopen","robots":{"index":"index","follow":"follow","max-snippet":"max-snippet:-1","max-image-preview":"max-image-preview:large","max-video-preview":"max-video-preview:-1"},"canonical":"https:\/\/alprahealth.com\/pl\/produkt\/bacteriostatisch-water-kopen\/","og_locale":"pl_PL","og_type":"article","og_title":"Bacteriostatisch Water Kopen","og_description":"Bacteriostatisch Water Kopen","og_url":"https:\/\/alprahealth.com\/pl\/produkt\/bacteriostatisch-water-kopen\/","og_site_name":"Alprazolam Health","article_modified_time":"2023-11-22T23:39:36+00:00","og_image":[{"width":224,"height":224,"url":"https:\/\/alprahealth.com\/wp-content\/uploads\/2023\/11\/download.png","type":"image\/png"}],"twitter_card":"summary_large_image","twitter_misc":{"Dost\u0119pno\u015b\u0107":"Dost\u0119pny"},"schema":{"@context":"https:\/\/schema.org","@graph":[{"@type":"WebPage","@id":"https:\/\/alprahealth.com\/product\/bacteriostatisch-water-kopen\/","url":"https:\/\/alprahealth.com\/product\/bacteriostatisch-water-kopen\/","name":"Bacteriostatisch Water Kopen - Alprazolam Health","isPartOf":{"@id":"https:\/\/alprahealth.com\/#website"},"primaryImageOfPage":{"@id":"https:\/\/alprahealth.com\/product\/bacteriostatisch-water-kopen\/#primaryimage"},"image":{"@id":"https:\/\/alprahealth.com\/product\/bacteriostatisch-water-kopen\/#primaryimage"},"thumbnailUrl":"https:\/\/alprahealth.com\/wp-content\/uploads\/2023\/11\/download.png","datePublished":"2023-11-21T23:27:26+00:00","dateModified":"2023-11-22T23:39:36+00:00","description":"Bacteriostatisch Water Kopen","breadcrumb":{"@id":"https:\/\/alprahealth.com\/product\/bacteriostatisch-water-kopen\/#breadcrumb"},"inLanguage":"pl-PL","potentialAction":[{"@type":"ReadAction","target":["https:\/\/alprahealth.com\/product\/bacteriostatisch-water-kopen\/"]}]},{"@type":"ImageObject","inLanguage":"pl-PL","@id":"https:\/\/alprahealth.com\/product\/bacteriostatisch-water-kopen\/#primaryimage","url":"https:\/\/alprahealth.com\/wp-content\/uploads\/2023\/11\/download.png","contentUrl":"https:\/\/alprahealth.com\/wp-content\/uploads\/2023\/11\/download.png","width":224,"height":224},{"@type":"BreadcrumbList","@id":"https:\/\/alprahealth.com\/product\/bacteriostatisch-water-kopen\/#breadcrumb","itemListElement":[{"@type":"ListItem","position":1,"name":"Home","item":"https:\/\/alprahealth.com\/"},{"@type":"ListItem","position":2,"name":"Shop","item":"https:\/\/alprahealth.com\/shop\/"},{"@type":"ListItem","position":3,"name":"Bacteriostatisch Water Kopen"}]},{"@type":"WebSite","@id":"https:\/\/alprahealth.com\/#website","url":"https:\/\/alprahealth.com\/","name":"Alprazolam Health","description":"Buy Alprazolam Online","publisher":{"@id":"https:\/\/alprahealth.com\/#organization"},"potentialAction":[{"@type":"SearchAction","target":{"@type":"EntryPoint","urlTemplate":"https:\/\/alprahealth.com\/?s={search_term_string}"},"query-input":{"@type":"PropertyValueSpecification","valueRequired":true,"valueName":"search_term_string"}}],"inLanguage":"pl-PL"},{"@type":"Organization","@id":"https:\/\/alprahealth.com\/#organization","name":"Alprazolam Health","url":"https:\/\/alprahealth.com\/","logo":{"@type":"ImageObject","inLanguage":"pl-PL","@id":"https:\/\/alprahealth.com\/#\/schema\/logo\/image\/","url":"https:\/\/alprahealth.com\/wp-content\/uploads\/2023\/04\/cropped-alprahealth.jpg","contentUrl":"https:\/\/alprahealth.com\/wp-content\/uploads\/2023\/04\/cropped-alprahealth.jpg","width":512,"height":512,"caption":"Alprazolam Health"},"image":{"@id":"https:\/\/alprahealth.com\/#\/schema\/logo\/image\/"}}]},"og_availability":"instock","product_availability":"instock","product_condition":"new"},"_links":{"self":[{"href":"https:\/\/alprahealth.com\/pl\/wp-json\/wp\/v2\/product\/847","targetHints":{"allow":["GET"]}}],"collection":[{"href":"https:\/\/alprahealth.com\/pl\/wp-json\/wp\/v2\/product"}],"about":[{"href":"https:\/\/alprahealth.com\/pl\/wp-json\/wp\/v2\/types\/product"}],"wp:featuredmedia":[{"embeddable":true,"href":"https:\/\/alprahealth.com\/pl\/wp-json\/wp\/v2\/media\/889"}],"wp:attachment":[{"href":"https:\/\/alprahealth.com\/pl\/wp-json\/wp\/v2\/media?parent=847"}],"wp:term":[{"taxonomy":"product_brand","embeddable":true,"href":"https:\/\/alprahealth.com\/pl\/wp-json\/wp\/v2\/product_brand?post=847"},{"taxonomy":"product_cat","embeddable":true,"href":"https:\/\/alprahealth.com\/pl\/wp-json\/wp\/v2\/product_cat?post=847"},{"taxonomy":"product_tag","embeddable":true,"href":"https:\/\/alprahealth.com\/pl\/wp-json\/wp\/v2\/product_tag?post=847"}],"curies":[{"name":"wp","href":"https:\/\/api.w.org\/{rel}","templated":true}]}}