{"id":845,"date":"2023-11-22T05:27:26","date_gmt":"2023-11-21T23:27:26","guid":{"rendered":"https:\/\/alprahealth.com\/?post_type=product&#038;p=845"},"modified":"2023-11-23T05:38:59","modified_gmt":"2023-11-22T23:38:59","slug":"acheter-androgel-50-mg","status":"publish","type":"product","link":"https:\/\/alprahealth.com\/pl\/produkt\/acheter-androgel-50-mg\/","title":{"rendered":"Acheter Androgel 50 mg"},"content":{"rendered":"<h1><strong>Acheter Androgel sans ordonnance en ligne<\/strong><\/h1>\n<p>Androgel 50 mg est maintenant disponible en ligne sans ordonnance. C\u2019est un gel topique qui aide \u00e0 restaurer les niveaux d\u2019hormones sexuelles m\u00e2les. Il est disponible \u00e0 une concentration de 50 mg par dose. En un seul clic, vous pouvez acheter androgel en ligne sans ordonnance et le faire livrer \u00e0 votre domicile. N\u2019attendez pas, essayez ce m\u00e9dicament aujourd\u2019hui.<\/p>\n<h3><strong>Qu&#8217;est-ce qu&#8217;Androgel ?<\/strong><\/h3>\n<p>Androgel est un gel contenant de la testost\u00e9rone synth\u00e9tique, une hormone essentielle pour le d\u00e9veloppement masculin et le maintien de la sant\u00e9. Il est con\u00e7u pour \u00eatre appliqu\u00e9 sur la peau et est rapidement absorb\u00e9 par le corps pour fournir une lib\u00e9ration constante de testost\u00e9rone.<\/p>\n<h3><strong>Les avantages<\/strong><\/h3>\n<p>Androgel peut offrir de nombreux avantages aux hommes souffrant de d\u00e9ficience en testost\u00e9rone. Il peut<\/p>\n<ul>\n<li>am\u00e9liorer<\/li>\n<li>la libido<\/li>\n<li>l&#8217;\u00e9nergie et la concentration<\/li>\n<\/ul>\n<p>De plus, Androgel peut contribuer \u00e0 augmenter la masse musculaire, \u00e0 r\u00e9duire la graisse corporelle et \u00e0 am\u00e9liorer la densit\u00e9 osseuse.<\/p>\n<h3><strong>Mode d&#8217;application<\/strong><\/h3>\n<p>L&#8217;application d&#8217;Androgel vente en ligne est simple et pratique. Les patients applique le gel directement sur leur peau propre et s\u00e8che des \u00e9paules, des bras ou de l&#8217;abdomen.<\/p>\n<h3><strong>Effet<\/strong><\/h3>\n<p>Androgel est utilis\u00e9 pour traiter la d\u00e9ficience en testost\u00e9rone chez les hommes. En augmentant les niveaux de testost\u00e9rone dans le corps, Androgel vente en ligne a pour effet principal d&#8217;am\u00e9liorer la libido, l&#8217;\u00e9nergie, la concentration et la masse musculaire chez les hommes souffrant de faibles niveaux de testost\u00e9rone.<\/p>\n<h3><strong>Effets secondaires<\/strong><\/h3>\n<p>Parmi les effets ind\u00e9sirables potentiels, on trouve;<\/p>\n<ul>\n<li>une augmentation de la production d&#8217;huile de la peau<\/li>\n<li>de l&#8217;acn\u00e9, des maux de t\u00eate<\/li>\n<li>des troubles du sommeil et une augmentation du volume de la prostate<\/li>\n<\/ul>\n<p>En outre, des changements \u00e9motionnels tels que l&#8217;irritabilit\u00e9 peuvent \u00e9galement survenir.<\/p>\n<h3><strong>Androgel g\u00e9n\u00e9rique :<\/strong><\/h3>\n<p>Un Androgel g\u00e9n\u00e9rique est une version du m\u00e9dicament contenant la m\u00eame substance active, mais fabriqu\u00e9e par une autre soci\u00e9t\u00e9 pharmaceutique. Les g\u00e9n\u00e9riques sont g\u00e9n\u00e9ralement moins chers que la version de marque, mais ils sont tout aussi efficaces.<\/p>\n","protected":false},"excerpt":{"rendered":"<p>Androgel 50 mg est un gel topique qui aide \u00e0 r\u00e9tablir les niveaux d\u2019hormones sexuelles m\u00e2les. Il peut \u00eatre achet\u00e9 en ligne sans ordonnance et livr\u00e9 directement \u00e0 votre domicile. Vous trouverez plus d\u2019informations sur l\u2019utilisation et la posologie appropri\u00e9es sur notre site.<\/p>\n","protected":false},"featured_media":887,"template":"","meta":{"_sitemap_exclude":false,"_sitemap_priority":"","_sitemap_frequency":"","_monsterinsights_skip_tracking":false,"_monsterinsights_sitenote_active":false,"_monsterinsights_sitenote_note":"","_monsterinsights_sitenote_category":0},"product_brand":[],"product_cat":[203],"product_tag":[212,213,214,215,216,217],"class_list":{"0":"post-845","1":"product","2":"type-product","3":"status-publish","4":"has-post-thumbnail","6":"product_cat-steroide","7":"product_tag-acheter-androgel-en-ligne","8":"product_tag-androgel","9":"product_tag-androgel-achat","10":"product_tag-androgel-acheter","11":"product_tag-androgel-sans-ordonnance","12":"product_tag-androgel-vente-en-ligne","14":"first","15":"instock","16":"shipping-taxable","17":"purchasable","18":"product-type-variable"},"yoast_head":"<!-- This site is optimized with the Yoast SEO Premium plugin v23.5 (Yoast SEO v27.3) - https:\/\/yoast.com\/product\/yoast-seo-premium-wordpress\/ -->\n<title>Acheter androgel en ligne sans ordonnance pas cher - androgel<\/title>\n<meta name=\"description\" content=\"Acheter androgel en ligne sans ordonnance! Nous offrons un m\u00e9dicament s\u00fbr et efficace avec une livraison rapide et s\u00e9curis\u00e9e. Achetez Androgel 50 maintenant\" \/>\n<meta name=\"robots\" content=\"index, follow, max-snippet:-1, max-image-preview:large, max-video-preview:-1\" \/>\n<link rel=\"canonical\" href=\"https:\/\/ozempicacheter.com\/product\/acheter-androgel-50-mg\/\" \/>\n<meta property=\"og:locale\" content=\"pl_PL\" \/>\n<meta property=\"og:type\" content=\"article\" \/>\n<meta property=\"og:title\" content=\"Acheter Androgel 50 mg\" \/>\n<meta property=\"og:description\" content=\"Acheter androgel en ligne sans ordonnance! Nous offrons un m\u00e9dicament s\u00fbr et efficace avec une livraison rapide et s\u00e9curis\u00e9e. Achetez Androgel 50 maintenant\" \/>\n<meta property=\"og:url\" content=\"https:\/\/ozempicacheter.com\/product\/acheter-androgel-50-mg\/\" \/>\n<meta property=\"og:site_name\" content=\"Alprazolam Health\" \/>\n<meta property=\"article:modified_time\" content=\"2023-11-22T23:38:59+00:00\" \/>\n<meta property=\"og:image\" content=\"https:\/\/alprahealth.com\/wp-content\/uploads\/2023\/11\/100011023.webp\" \/>\n\t<meta property=\"og:image:width\" content=\"500\" \/>\n\t<meta property=\"og:image:height\" content=\"500\" \/>\n\t<meta property=\"og:image:type\" content=\"image\/webp\" \/>\n<meta name=\"twitter:card\" content=\"summary_large_image\" \/>\n<meta name=\"twitter:label1\" content=\"Dost\u0119pno\u015b\u0107\" \/>\n\t<meta name=\"twitter:data1\" content=\"Dost\u0119pny\" \/>\n<script type=\"application\/ld+json\" class=\"yoast-schema-graph\">{\"@context\":\"https:\\\/\\\/schema.org\",\"@graph\":[{\"@type\":\"WebPage\",\"@id\":\"https:\\\/\\\/alprahealth.com\\\/product\\\/acheter-androgel-50-mg\\\/\",\"url\":\"https:\\\/\\\/ozempicacheter.com\\\/product\\\/acheter-androgel-50-mg\\\/\",\"name\":\"Acheter androgel en ligne sans ordonnance pas cher - androgel\",\"isPartOf\":{\"@id\":\"https:\\\/\\\/alprahealth.com\\\/#website\"},\"primaryImageOfPage\":{\"@id\":\"https:\\\/\\\/ozempicacheter.com\\\/product\\\/acheter-androgel-50-mg\\\/#primaryimage\"},\"image\":{\"@id\":\"https:\\\/\\\/ozempicacheter.com\\\/product\\\/acheter-androgel-50-mg\\\/#primaryimage\"},\"thumbnailUrl\":\"https:\\\/\\\/alprahealth.com\\\/wp-content\\\/uploads\\\/2023\\\/11\\\/100011023.webp\",\"datePublished\":\"2023-11-21T23:27:26+00:00\",\"dateModified\":\"2023-11-22T23:38:59+00:00\",\"description\":\"Acheter androgel en ligne sans ordonnance! Nous offrons un m\u00e9dicament s\u00fbr et efficace avec une livraison rapide et s\u00e9curis\u00e9e. Achetez Androgel 50 maintenant\",\"breadcrumb\":{\"@id\":\"https:\\\/\\\/ozempicacheter.com\\\/product\\\/acheter-androgel-50-mg\\\/#breadcrumb\"},\"inLanguage\":\"pl-PL\",\"potentialAction\":[{\"@type\":\"ReadAction\",\"target\":[\"https:\\\/\\\/ozempicacheter.com\\\/product\\\/acheter-androgel-50-mg\\\/\"]}]},{\"@type\":\"ImageObject\",\"inLanguage\":\"pl-PL\",\"@id\":\"https:\\\/\\\/ozempicacheter.com\\\/product\\\/acheter-androgel-50-mg\\\/#primaryimage\",\"url\":\"https:\\\/\\\/alprahealth.com\\\/wp-content\\\/uploads\\\/2023\\\/11\\\/100011023.webp\",\"contentUrl\":\"https:\\\/\\\/alprahealth.com\\\/wp-content\\\/uploads\\\/2023\\\/11\\\/100011023.webp\",\"width\":500,\"height\":500},{\"@type\":\"BreadcrumbList\",\"@id\":\"https:\\\/\\\/ozempicacheter.com\\\/product\\\/acheter-androgel-50-mg\\\/#breadcrumb\",\"itemListElement\":[{\"@type\":\"ListItem\",\"position\":1,\"name\":\"Home\",\"item\":\"https:\\\/\\\/alprahealth.com\\\/\"},{\"@type\":\"ListItem\",\"position\":2,\"name\":\"Shop\",\"item\":\"https:\\\/\\\/alprahealth.com\\\/shop\\\/\"},{\"@type\":\"ListItem\",\"position\":3,\"name\":\"Acheter Androgel 50 mg\"}]},{\"@type\":\"WebSite\",\"@id\":\"https:\\\/\\\/alprahealth.com\\\/#website\",\"url\":\"https:\\\/\\\/alprahealth.com\\\/\",\"name\":\"Alprazolam Health\",\"description\":\"Buy Alprazolam Online\",\"publisher\":{\"@id\":\"https:\\\/\\\/alprahealth.com\\\/#organization\"},\"potentialAction\":[{\"@type\":\"SearchAction\",\"target\":{\"@type\":\"EntryPoint\",\"urlTemplate\":\"https:\\\/\\\/alprahealth.com\\\/?s={search_term_string}\"},\"query-input\":{\"@type\":\"PropertyValueSpecification\",\"valueRequired\":true,\"valueName\":\"search_term_string\"}}],\"inLanguage\":\"pl-PL\"},{\"@type\":\"Organization\",\"@id\":\"https:\\\/\\\/alprahealth.com\\\/#organization\",\"name\":\"Alprazolam Health\",\"url\":\"https:\\\/\\\/alprahealth.com\\\/\",\"logo\":{\"@type\":\"ImageObject\",\"inLanguage\":\"pl-PL\",\"@id\":\"https:\\\/\\\/alprahealth.com\\\/#\\\/schema\\\/logo\\\/image\\\/\",\"url\":\"https:\\\/\\\/alprahealth.com\\\/wp-content\\\/uploads\\\/2023\\\/04\\\/cropped-alprahealth.jpg\",\"contentUrl\":\"https:\\\/\\\/alprahealth.com\\\/wp-content\\\/uploads\\\/2023\\\/04\\\/cropped-alprahealth.jpg\",\"width\":512,\"height\":512,\"caption\":\"Alprazolam Health\"},\"image\":{\"@id\":\"https:\\\/\\\/alprahealth.com\\\/#\\\/schema\\\/logo\\\/image\\\/\"}}]}<\/script>\n<meta property=\"og:availability\" content=\"instock\" \/>\n<meta property=\"product:availability\" content=\"instock\" \/>\n<meta property=\"product:condition\" content=\"new\" \/>\n<!-- \/ Yoast SEO Premium plugin. -->","yoast_head_json":{"title":"Acheter androgel en ligne sans ordonnance pas cher - androgel","description":"Acheter androgel en ligne sans ordonnance! Nous offrons un m\u00e9dicament s\u00fbr et efficace avec une livraison rapide et s\u00e9curis\u00e9e. Achetez Androgel 50 maintenant","robots":{"index":"index","follow":"follow","max-snippet":"max-snippet:-1","max-image-preview":"max-image-preview:large","max-video-preview":"max-video-preview:-1"},"canonical":"https:\/\/ozempicacheter.com\/product\/acheter-androgel-50-mg\/","og_locale":"pl_PL","og_type":"article","og_title":"Acheter Androgel 50 mg","og_description":"Acheter androgel en ligne sans ordonnance! Nous offrons un m\u00e9dicament s\u00fbr et efficace avec une livraison rapide et s\u00e9curis\u00e9e. Achetez Androgel 50 maintenant","og_url":"https:\/\/ozempicacheter.com\/product\/acheter-androgel-50-mg\/","og_site_name":"Alprazolam Health","article_modified_time":"2023-11-22T23:38:59+00:00","og_image":[{"width":500,"height":500,"url":"https:\/\/alprahealth.com\/wp-content\/uploads\/2023\/11\/100011023.webp","type":"image\/webp"}],"twitter_card":"summary_large_image","twitter_misc":{"Dost\u0119pno\u015b\u0107":"Dost\u0119pny"},"schema":{"@context":"https:\/\/schema.org","@graph":[{"@type":"WebPage","@id":"https:\/\/alprahealth.com\/product\/acheter-androgel-50-mg\/","url":"https:\/\/ozempicacheter.com\/product\/acheter-androgel-50-mg\/","name":"Acheter androgel en ligne sans ordonnance pas cher - androgel","isPartOf":{"@id":"https:\/\/alprahealth.com\/#website"},"primaryImageOfPage":{"@id":"https:\/\/ozempicacheter.com\/product\/acheter-androgel-50-mg\/#primaryimage"},"image":{"@id":"https:\/\/ozempicacheter.com\/product\/acheter-androgel-50-mg\/#primaryimage"},"thumbnailUrl":"https:\/\/alprahealth.com\/wp-content\/uploads\/2023\/11\/100011023.webp","datePublished":"2023-11-21T23:27:26+00:00","dateModified":"2023-11-22T23:38:59+00:00","description":"Acheter androgel en ligne sans ordonnance! Nous offrons un m\u00e9dicament s\u00fbr et efficace avec une livraison rapide et s\u00e9curis\u00e9e. Achetez Androgel 50 maintenant","breadcrumb":{"@id":"https:\/\/ozempicacheter.com\/product\/acheter-androgel-50-mg\/#breadcrumb"},"inLanguage":"pl-PL","potentialAction":[{"@type":"ReadAction","target":["https:\/\/ozempicacheter.com\/product\/acheter-androgel-50-mg\/"]}]},{"@type":"ImageObject","inLanguage":"pl-PL","@id":"https:\/\/ozempicacheter.com\/product\/acheter-androgel-50-mg\/#primaryimage","url":"https:\/\/alprahealth.com\/wp-content\/uploads\/2023\/11\/100011023.webp","contentUrl":"https:\/\/alprahealth.com\/wp-content\/uploads\/2023\/11\/100011023.webp","width":500,"height":500},{"@type":"BreadcrumbList","@id":"https:\/\/ozempicacheter.com\/product\/acheter-androgel-50-mg\/#breadcrumb","itemListElement":[{"@type":"ListItem","position":1,"name":"Home","item":"https:\/\/alprahealth.com\/"},{"@type":"ListItem","position":2,"name":"Shop","item":"https:\/\/alprahealth.com\/shop\/"},{"@type":"ListItem","position":3,"name":"Acheter Androgel 50 mg"}]},{"@type":"WebSite","@id":"https:\/\/alprahealth.com\/#website","url":"https:\/\/alprahealth.com\/","name":"Alprazolam Health","description":"Buy Alprazolam Online","publisher":{"@id":"https:\/\/alprahealth.com\/#organization"},"potentialAction":[{"@type":"SearchAction","target":{"@type":"EntryPoint","urlTemplate":"https:\/\/alprahealth.com\/?s={search_term_string}"},"query-input":{"@type":"PropertyValueSpecification","valueRequired":true,"valueName":"search_term_string"}}],"inLanguage":"pl-PL"},{"@type":"Organization","@id":"https:\/\/alprahealth.com\/#organization","name":"Alprazolam Health","url":"https:\/\/alprahealth.com\/","logo":{"@type":"ImageObject","inLanguage":"pl-PL","@id":"https:\/\/alprahealth.com\/#\/schema\/logo\/image\/","url":"https:\/\/alprahealth.com\/wp-content\/uploads\/2023\/04\/cropped-alprahealth.jpg","contentUrl":"https:\/\/alprahealth.com\/wp-content\/uploads\/2023\/04\/cropped-alprahealth.jpg","width":512,"height":512,"caption":"Alprazolam Health"},"image":{"@id":"https:\/\/alprahealth.com\/#\/schema\/logo\/image\/"}}]},"og_availability":"instock","product_availability":"instock","product_condition":"new"},"_links":{"self":[{"href":"https:\/\/alprahealth.com\/pl\/wp-json\/wp\/v2\/product\/845","targetHints":{"allow":["GET"]}}],"collection":[{"href":"https:\/\/alprahealth.com\/pl\/wp-json\/wp\/v2\/product"}],"about":[{"href":"https:\/\/alprahealth.com\/pl\/wp-json\/wp\/v2\/types\/product"}],"wp:featuredmedia":[{"embeddable":true,"href":"https:\/\/alprahealth.com\/pl\/wp-json\/wp\/v2\/media\/887"}],"wp:attachment":[{"href":"https:\/\/alprahealth.com\/pl\/wp-json\/wp\/v2\/media?parent=845"}],"wp:term":[{"taxonomy":"product_brand","embeddable":true,"href":"https:\/\/alprahealth.com\/pl\/wp-json\/wp\/v2\/product_brand?post=845"},{"taxonomy":"product_cat","embeddable":true,"href":"https:\/\/alprahealth.com\/pl\/wp-json\/wp\/v2\/product_cat?post=845"},{"taxonomy":"product_tag","embeddable":true,"href":"https:\/\/alprahealth.com\/pl\/wp-json\/wp\/v2\/product_tag?post=845"}],"curies":[{"name":"wp","href":"https:\/\/api.w.org\/{rel}","templated":true}]}}