{"id":831,"date":"2023-11-22T05:27:25","date_gmt":"2023-11-21T23:27:25","guid":{"rendered":"https:\/\/alprahealth.com\/?post_type=product&#038;p=831"},"modified":"2023-11-23T05:47:08","modified_gmt":"2023-11-22T23:47:08","slug":"acheter-baclofene-10-mg","status":"publish","type":"product","link":"https:\/\/alprahealth.com\/pl\/produkt\/acheter-baclofene-10-mg\/","title":{"rendered":"Acheter Baclofene 10 mg"},"content":{"rendered":"<h1><strong>Acheter <a href=\"https:\/\/alprahealth.com\/product\/acheter-baclofene-10-mg\/\">Baclofene<\/a> en ligne sans ordonnance pas cher\u00a0<\/strong><\/h1>\n<p>Acheter baclofene 10 mg en ligne sans ordonnance pour traiter des conditions neurologiques et psychiatriques. Il est important de parler \u00e0 un m\u00e9decin pour d\u00e9terminer la posologie et le meilleur plan de traitement pour vous.<\/p>\n<h3><strong>Qu&#8217;est-ce que le baclof\u00e8ne?<\/strong><\/h3>\n<p>Les patients peuvent prendre le Baclof\u00e8ne par voie orale sans ordonnance, car il est disponible en ligne. Il s&#8217;agit d&#8217;un m\u00e9dicament utilis\u00e9 pour traiter diff\u00e9rentes conditions neurologiques et psychiatriques, telles que l&#8217;alcoolisme et la d\u00e9pendance aux drogues. Il est important de suivre la posologie et les instructions d&#8217;un m\u00e9decin pour obtenir les meilleurs r\u00e9sultats.<\/p>\n<h3><strong>Baclofene Posologie<\/strong><\/h3>\n<p>La posologie de Baclofene d\u00e9pend de l&#8217;\u00e2ge, du poids et des sympt\u00f4mes du patient. La dose initiale est g\u00e9n\u00e9ralement de 5 mg par jour, prise deux fois par jour avec de la nourriture. La dose peut \u00eatre augment\u00e9e progressivement jusqu&#8217;\u00e0 ce que les sympt\u00f4mes soient contr\u00f4l\u00e9s, mais ne devrait jamais d\u00e9passer 80 mg par jour.<\/p>\n<h3><strong>Effet du Baclof\u00e8ne sur le cerveau<\/strong><\/h3>\n<p>Le Baclof\u00e8ne agit sur le cerveau en modulant l&#8217;activit\u00e9 des r\u00e9cepteurs GABA, ce qui peut aider \u00e0 r\u00e9duire les sympt\u00f4mes associ\u00e9s \u00e0 diverses conditions neurologiques et psychiatriques. Il peut \u00e9galement aider \u00e0 r\u00e9duire les effets de l&#8217;alcool et des drogues sur le cerveau.<\/p>\n<h3><strong>Baclof\u00e8ne effet imm\u00e9diat<\/strong><\/h3>\n<p>Le Baclof\u00e8ne peut avoir un effet imm\u00e9diat, mais le temps n\u00e9cessaire pour voir des r\u00e9sultats varie d&#8217;une personne \u00e0 l&#8217;autre. Lorsqu&#8217;il est pris pour la premi\u00e8re fois, Baclofene 10 mg peut produire des effets imm\u00e9diats. Les effets peuvent inclure;<\/p>\n<ul>\n<li>une somnolence<\/li>\n<li>une euphorie<\/li>\n<li>une anxi\u00e9t\u00e9 r\u00e9duite.<\/li>\n<\/ul>\n<h3><strong>Baclof\u00e8ne effets secondaires<\/strong><\/h3>\n<p>Baclof\u00e8ne 10 mg peut provoquer des effets secondaires chez certains patients. Les effets secondaires les plus courants peuvent inclure;<\/p>\n<ul>\n<li>des naus\u00e9es<\/li>\n<li>des maux de t\u00eate<\/li>\n<li>des \u00e9tourdissements<\/li>\n<li>des somnolences<\/li>\n<li>des troubles de l&#8217;humeur<\/li>\n<\/ul>\n<h3><strong>Baclofene indications<\/strong><\/h3>\n<p>Le baclof\u00e8ne est le plus souvent utilis\u00e9 pour traiter l\u2019anxi\u00e9t\u00e9, la d\u00e9pendance et la douleur chronique. Il est \u00e9galement utilis\u00e9 pour aider \u00e0 traiter les sympt\u00f4mes de la scl\u00e9rose en plaques et d\u2019autres affections <a href=\"http:\/\/google.com\">neurologiques<\/a>.<\/p>\n","protected":false},"excerpt":{"rendered":"<p>Le baclof\u00e8ne est un m\u00e9dicament utilis\u00e9 pour traiter diverses affections, de l\u2019anxi\u00e9t\u00e9 \u00e0 la douleur chronique. Le baclof\u00e8ne est facilement disponible en ligne sans ordonnance sur notre site. Acheter maintenant et profitez des bien faits du m\u00e9dicament.<\/p>\n","protected":false},"featured_media":861,"template":"","meta":{"_sitemap_exclude":false,"_sitemap_priority":"","_sitemap_frequency":"","_monsterinsights_skip_tracking":false,"_monsterinsights_sitenote_active":false,"_monsterinsights_sitenote_note":"","_monsterinsights_sitenote_category":0},"product_brand":[],"product_cat":[139],"product_tag":[140,141,142,143,144,145],"class_list":{"0":"post-831","1":"product","2":"type-product","3":"status-publish","4":"has-post-thumbnail","6":"product_cat-analgesique","7":"product_tag-acheter-baclofene","8":"product_tag-acheter-baclofene-10-mg","9":"product_tag-baclofene","10":"product_tag-baclofene-10-mg","11":"product_tag-baclofene-sans-ordonnance","12":"product_tag-baclofene-zentiva","14":"first","15":"instock","16":"shipping-taxable","17":"purchasable","18":"product-type-variable"},"yoast_head":"<!-- This site is optimized with the Yoast SEO Premium plugin v23.5 (Yoast SEO v27.3) - https:\/\/yoast.com\/product\/yoast-seo-premium-wordpress\/ -->\n<title>acheter baclofene en ligne sans ordannace moins cher - baclofene<\/title>\n<meta name=\"description\" content=\"Acheter Baclofene 10 mg sans ordonnance! Notre produit est 100% authentique et en vente \u00e0 un prix abordable. Acheter Baclof\u00e8ne sans ordonnance ici!!\" \/>\n<meta name=\"robots\" content=\"index, follow, max-snippet:-1, max-image-preview:large, max-video-preview:-1\" \/>\n<link rel=\"canonical\" href=\"https:\/\/ozempicacheter.com\/product\/acheter-baclofene-10-mg\/\" \/>\n<meta property=\"og:locale\" content=\"pl_PL\" \/>\n<meta property=\"og:type\" content=\"article\" \/>\n<meta property=\"og:title\" content=\"Acheter Baclofene 10 mg\" \/>\n<meta property=\"og:description\" content=\"Acheter Baclofene 10 mg sans ordonnance! Notre produit est 100% authentique et en vente \u00e0 un prix abordable. Acheter Baclof\u00e8ne sans ordonnance ici!!\" \/>\n<meta property=\"og:url\" content=\"https:\/\/ozempicacheter.com\/product\/acheter-baclofene-10-mg\/\" \/>\n<meta property=\"og:site_name\" content=\"Alprazolam Health\" \/>\n<meta property=\"article:modified_time\" content=\"2023-11-22T23:47:08+00:00\" \/>\n<meta property=\"og:image\" content=\"https:\/\/alprahealth.com\/wp-content\/uploads\/2023\/11\/baclof-10mg-tablet-10-s_9cf40bfb-62b6-47c3-95ad-b809315d3e5f-jpg.webp\" \/>\n\t<meta property=\"og:image:width\" content=\"750\" \/>\n\t<meta property=\"og:image:height\" content=\"750\" \/>\n\t<meta property=\"og:image:type\" content=\"image\/jpeg\" \/>\n<meta name=\"twitter:card\" content=\"summary_large_image\" \/>\n<meta name=\"twitter:label1\" content=\"Dost\u0119pno\u015b\u0107\" \/>\n\t<meta name=\"twitter:data1\" content=\"Dost\u0119pny\" \/>\n<script type=\"application\/ld+json\" class=\"yoast-schema-graph\">{\"@context\":\"https:\\\/\\\/schema.org\",\"@graph\":[{\"@type\":\"WebPage\",\"@id\":\"https:\\\/\\\/alprahealth.com\\\/product\\\/acheter-baclofene-10-mg\\\/\",\"url\":\"https:\\\/\\\/ozempicacheter.com\\\/product\\\/acheter-baclofene-10-mg\\\/\",\"name\":\"acheter baclofene en ligne sans ordannace moins cher - baclofene\",\"isPartOf\":{\"@id\":\"https:\\\/\\\/alprahealth.com\\\/#website\"},\"primaryImageOfPage\":{\"@id\":\"https:\\\/\\\/ozempicacheter.com\\\/product\\\/acheter-baclofene-10-mg\\\/#primaryimage\"},\"image\":{\"@id\":\"https:\\\/\\\/ozempicacheter.com\\\/product\\\/acheter-baclofene-10-mg\\\/#primaryimage\"},\"thumbnailUrl\":\"https:\\\/\\\/alprahealth.com\\\/wp-content\\\/uploads\\\/2023\\\/11\\\/baclof-10mg-tablet-10-s_9cf40bfb-62b6-47c3-95ad-b809315d3e5f-jpg.webp\",\"datePublished\":\"2023-11-21T23:27:25+00:00\",\"dateModified\":\"2023-11-22T23:47:08+00:00\",\"description\":\"Acheter Baclofene 10 mg sans ordonnance! Notre produit est 100% authentique et en vente \u00e0 un prix abordable. Acheter Baclof\u00e8ne sans ordonnance ici!!\",\"breadcrumb\":{\"@id\":\"https:\\\/\\\/ozempicacheter.com\\\/product\\\/acheter-baclofene-10-mg\\\/#breadcrumb\"},\"inLanguage\":\"pl-PL\",\"potentialAction\":[{\"@type\":\"ReadAction\",\"target\":[\"https:\\\/\\\/ozempicacheter.com\\\/product\\\/acheter-baclofene-10-mg\\\/\"]}]},{\"@type\":\"ImageObject\",\"inLanguage\":\"pl-PL\",\"@id\":\"https:\\\/\\\/ozempicacheter.com\\\/product\\\/acheter-baclofene-10-mg\\\/#primaryimage\",\"url\":\"https:\\\/\\\/alprahealth.com\\\/wp-content\\\/uploads\\\/2023\\\/11\\\/baclof-10mg-tablet-10-s_9cf40bfb-62b6-47c3-95ad-b809315d3e5f-jpg.webp\",\"contentUrl\":\"https:\\\/\\\/alprahealth.com\\\/wp-content\\\/uploads\\\/2023\\\/11\\\/baclof-10mg-tablet-10-s_9cf40bfb-62b6-47c3-95ad-b809315d3e5f-jpg.webp\",\"width\":750,\"height\":750},{\"@type\":\"BreadcrumbList\",\"@id\":\"https:\\\/\\\/ozempicacheter.com\\\/product\\\/acheter-baclofene-10-mg\\\/#breadcrumb\",\"itemListElement\":[{\"@type\":\"ListItem\",\"position\":1,\"name\":\"Home\",\"item\":\"https:\\\/\\\/alprahealth.com\\\/\"},{\"@type\":\"ListItem\",\"position\":2,\"name\":\"Shop\",\"item\":\"https:\\\/\\\/alprahealth.com\\\/shop\\\/\"},{\"@type\":\"ListItem\",\"position\":3,\"name\":\"Acheter Baclofene 10 mg\"}]},{\"@type\":\"WebSite\",\"@id\":\"https:\\\/\\\/alprahealth.com\\\/#website\",\"url\":\"https:\\\/\\\/alprahealth.com\\\/\",\"name\":\"Alprazolam Health\",\"description\":\"Buy Alprazolam Online\",\"publisher\":{\"@id\":\"https:\\\/\\\/alprahealth.com\\\/#organization\"},\"potentialAction\":[{\"@type\":\"SearchAction\",\"target\":{\"@type\":\"EntryPoint\",\"urlTemplate\":\"https:\\\/\\\/alprahealth.com\\\/?s={search_term_string}\"},\"query-input\":{\"@type\":\"PropertyValueSpecification\",\"valueRequired\":true,\"valueName\":\"search_term_string\"}}],\"inLanguage\":\"pl-PL\"},{\"@type\":\"Organization\",\"@id\":\"https:\\\/\\\/alprahealth.com\\\/#organization\",\"name\":\"Alprazolam Health\",\"url\":\"https:\\\/\\\/alprahealth.com\\\/\",\"logo\":{\"@type\":\"ImageObject\",\"inLanguage\":\"pl-PL\",\"@id\":\"https:\\\/\\\/alprahealth.com\\\/#\\\/schema\\\/logo\\\/image\\\/\",\"url\":\"https:\\\/\\\/alprahealth.com\\\/wp-content\\\/uploads\\\/2023\\\/04\\\/cropped-alprahealth.jpg\",\"contentUrl\":\"https:\\\/\\\/alprahealth.com\\\/wp-content\\\/uploads\\\/2023\\\/04\\\/cropped-alprahealth.jpg\",\"width\":512,\"height\":512,\"caption\":\"Alprazolam Health\"},\"image\":{\"@id\":\"https:\\\/\\\/alprahealth.com\\\/#\\\/schema\\\/logo\\\/image\\\/\"}}]}<\/script>\n<meta property=\"og:availability\" content=\"instock\" \/>\n<meta property=\"product:availability\" content=\"instock\" \/>\n<meta property=\"product:condition\" content=\"new\" \/>\n<!-- \/ Yoast SEO Premium plugin. -->","yoast_head_json":{"title":"acheter baclofene en ligne sans ordannace moins cher - baclofene","description":"Acheter Baclofene 10 mg sans ordonnance! Notre produit est 100% authentique et en vente \u00e0 un prix abordable. Acheter Baclof\u00e8ne sans ordonnance ici!!","robots":{"index":"index","follow":"follow","max-snippet":"max-snippet:-1","max-image-preview":"max-image-preview:large","max-video-preview":"max-video-preview:-1"},"canonical":"https:\/\/ozempicacheter.com\/product\/acheter-baclofene-10-mg\/","og_locale":"pl_PL","og_type":"article","og_title":"Acheter Baclofene 10 mg","og_description":"Acheter Baclofene 10 mg sans ordonnance! Notre produit est 100% authentique et en vente \u00e0 un prix abordable. Acheter Baclof\u00e8ne sans ordonnance ici!!","og_url":"https:\/\/ozempicacheter.com\/product\/acheter-baclofene-10-mg\/","og_site_name":"Alprazolam Health","article_modified_time":"2023-11-22T23:47:08+00:00","og_image":[{"width":750,"height":750,"url":"https:\/\/alprahealth.com\/wp-content\/uploads\/2023\/11\/baclof-10mg-tablet-10-s_9cf40bfb-62b6-47c3-95ad-b809315d3e5f-jpg.webp","type":"image\/jpeg"}],"twitter_card":"summary_large_image","twitter_misc":{"Dost\u0119pno\u015b\u0107":"Dost\u0119pny"},"schema":{"@context":"https:\/\/schema.org","@graph":[{"@type":"WebPage","@id":"https:\/\/alprahealth.com\/product\/acheter-baclofene-10-mg\/","url":"https:\/\/ozempicacheter.com\/product\/acheter-baclofene-10-mg\/","name":"acheter baclofene en ligne sans ordannace moins cher - baclofene","isPartOf":{"@id":"https:\/\/alprahealth.com\/#website"},"primaryImageOfPage":{"@id":"https:\/\/ozempicacheter.com\/product\/acheter-baclofene-10-mg\/#primaryimage"},"image":{"@id":"https:\/\/ozempicacheter.com\/product\/acheter-baclofene-10-mg\/#primaryimage"},"thumbnailUrl":"https:\/\/alprahealth.com\/wp-content\/uploads\/2023\/11\/baclof-10mg-tablet-10-s_9cf40bfb-62b6-47c3-95ad-b809315d3e5f-jpg.webp","datePublished":"2023-11-21T23:27:25+00:00","dateModified":"2023-11-22T23:47:08+00:00","description":"Acheter Baclofene 10 mg sans ordonnance! Notre produit est 100% authentique et en vente \u00e0 un prix abordable. Acheter Baclof\u00e8ne sans ordonnance ici!!","breadcrumb":{"@id":"https:\/\/ozempicacheter.com\/product\/acheter-baclofene-10-mg\/#breadcrumb"},"inLanguage":"pl-PL","potentialAction":[{"@type":"ReadAction","target":["https:\/\/ozempicacheter.com\/product\/acheter-baclofene-10-mg\/"]}]},{"@type":"ImageObject","inLanguage":"pl-PL","@id":"https:\/\/ozempicacheter.com\/product\/acheter-baclofene-10-mg\/#primaryimage","url":"https:\/\/alprahealth.com\/wp-content\/uploads\/2023\/11\/baclof-10mg-tablet-10-s_9cf40bfb-62b6-47c3-95ad-b809315d3e5f-jpg.webp","contentUrl":"https:\/\/alprahealth.com\/wp-content\/uploads\/2023\/11\/baclof-10mg-tablet-10-s_9cf40bfb-62b6-47c3-95ad-b809315d3e5f-jpg.webp","width":750,"height":750},{"@type":"BreadcrumbList","@id":"https:\/\/ozempicacheter.com\/product\/acheter-baclofene-10-mg\/#breadcrumb","itemListElement":[{"@type":"ListItem","position":1,"name":"Home","item":"https:\/\/alprahealth.com\/"},{"@type":"ListItem","position":2,"name":"Shop","item":"https:\/\/alprahealth.com\/shop\/"},{"@type":"ListItem","position":3,"name":"Acheter Baclofene 10 mg"}]},{"@type":"WebSite","@id":"https:\/\/alprahealth.com\/#website","url":"https:\/\/alprahealth.com\/","name":"Alprazolam Health","description":"Buy Alprazolam Online","publisher":{"@id":"https:\/\/alprahealth.com\/#organization"},"potentialAction":[{"@type":"SearchAction","target":{"@type":"EntryPoint","urlTemplate":"https:\/\/alprahealth.com\/?s={search_term_string}"},"query-input":{"@type":"PropertyValueSpecification","valueRequired":true,"valueName":"search_term_string"}}],"inLanguage":"pl-PL"},{"@type":"Organization","@id":"https:\/\/alprahealth.com\/#organization","name":"Alprazolam Health","url":"https:\/\/alprahealth.com\/","logo":{"@type":"ImageObject","inLanguage":"pl-PL","@id":"https:\/\/alprahealth.com\/#\/schema\/logo\/image\/","url":"https:\/\/alprahealth.com\/wp-content\/uploads\/2023\/04\/cropped-alprahealth.jpg","contentUrl":"https:\/\/alprahealth.com\/wp-content\/uploads\/2023\/04\/cropped-alprahealth.jpg","width":512,"height":512,"caption":"Alprazolam Health"},"image":{"@id":"https:\/\/alprahealth.com\/#\/schema\/logo\/image\/"}}]},"og_availability":"instock","product_availability":"instock","product_condition":"new"},"_links":{"self":[{"href":"https:\/\/alprahealth.com\/pl\/wp-json\/wp\/v2\/product\/831","targetHints":{"allow":["GET"]}}],"collection":[{"href":"https:\/\/alprahealth.com\/pl\/wp-json\/wp\/v2\/product"}],"about":[{"href":"https:\/\/alprahealth.com\/pl\/wp-json\/wp\/v2\/types\/product"}],"wp:featuredmedia":[{"embeddable":true,"href":"https:\/\/alprahealth.com\/pl\/wp-json\/wp\/v2\/media\/861"}],"wp:attachment":[{"href":"https:\/\/alprahealth.com\/pl\/wp-json\/wp\/v2\/media?parent=831"}],"wp:term":[{"taxonomy":"product_brand","embeddable":true,"href":"https:\/\/alprahealth.com\/pl\/wp-json\/wp\/v2\/product_brand?post=831"},{"taxonomy":"product_cat","embeddable":true,"href":"https:\/\/alprahealth.com\/pl\/wp-json\/wp\/v2\/product_cat?post=831"},{"taxonomy":"product_tag","embeddable":true,"href":"https:\/\/alprahealth.com\/pl\/wp-json\/wp\/v2\/product_tag?post=831"}],"curies":[{"name":"wp","href":"https:\/\/api.w.org\/{rel}","templated":true}]}}