{"id":591,"date":"2023-07-10T14:09:39","date_gmt":"2023-07-10T08:09:39","guid":{"rendered":"https:\/\/alprahealth.com\/?post_type=product&#038;p=591"},"modified":"2026-01-01T13:42:52","modified_gmt":"2026-01-01T07:42:52","slug":"actavis-promethazine-codeine-purple-cough-syrup","status":"publish","type":"product","link":"https:\/\/alprahealth.com\/pl\/produkt\/actavis-promethazine-codeine-purple-cough-syrup\/","title":{"rendered":"Md-pihp"},"content":{"rendered":"","protected":false},"excerpt":{"rendered":"<p>Md-PIHP (1-(2-Methylphenyl)-2-(pyrrolidin-1-yl)pentan-1-one) is a synthetic stimulant and research chemical belonging to the cathinone class. It is structurally similar to other pyrovalerone derivatives, such as \u03b1-PVP and MDPV, and is part of the growing category of new psychoactive substances (NPS).<\/p>\n","protected":false},"featured_media":6339,"template":"","meta":{"_sitemap_exclude":false,"_sitemap_priority":"","_sitemap_frequency":"","_monsterinsights_skip_tracking":false,"_monsterinsights_sitenote_active":false,"_monsterinsights_sitenote_note":"","_monsterinsights_sitenote_category":0},"product_brand":[],"product_cat":[2512],"product_tag":[],"class_list":{"0":"post-591","1":"product","2":"type-product","3":"status-publish","4":"has-post-thumbnail","6":"product_cat-chemicals","8":"first","9":"instock","10":"shipping-taxable","11":"purchasable","12":"product-type-variable"},"yoast_head":"<!-- This site is optimized with the Yoast SEO Premium plugin v23.5 (Yoast SEO v27.3) - https:\/\/yoast.com\/product\/yoast-seo-premium-wordpress\/ -->\n<title>Md-pihp - Alprazolam Health<\/title>\n<meta name=\"description\" content=\"Actavis Codeine promethazine Cough suppressant Promethazine Codeine offers relief from unpleasant, dry coughs onents. Buy today.\" \/>\n<meta name=\"robots\" content=\"index, follow, max-snippet:-1, max-image-preview:large, max-video-preview:-1\" \/>\n<link rel=\"canonical\" href=\"https:\/\/alprahealth.com\/pl\/produkt\/actavis-promethazine-codeine-purple-cough-syrup\/\" \/>\n<meta property=\"og:locale\" content=\"pl_PL\" \/>\n<meta property=\"og:type\" content=\"article\" \/>\n<meta property=\"og:title\" content=\"Md-pihp\" \/>\n<meta property=\"og:description\" content=\"Actavis Codeine promethazine Cough suppressant Promethazine Codeine offers relief from unpleasant, dry coughs onents. Buy today.\" \/>\n<meta property=\"og:url\" content=\"https:\/\/alprahealth.com\/pl\/produkt\/actavis-promethazine-codeine-purple-cough-syrup\/\" \/>\n<meta property=\"og:site_name\" content=\"Alprazolam Health\" \/>\n<meta property=\"article:modified_time\" content=\"2026-01-01T07:42:52+00:00\" \/>\n<meta property=\"og:image\" content=\"https:\/\/alprahealth.com\/wp-content\/uploads\/2023\/07\/ctavis-Promethazine.webp\" \/>\n\t<meta property=\"og:image:width\" content=\"450\" \/>\n\t<meta property=\"og:image:height\" content=\"450\" \/>\n\t<meta property=\"og:image:type\" content=\"image\/webp\" \/>\n<meta name=\"twitter:card\" content=\"summary_large_image\" \/>\n<meta name=\"twitter:label1\" content=\"Dost\u0119pno\u015b\u0107\" \/>\n\t<meta name=\"twitter:data1\" content=\"Dost\u0119pny\" \/>\n<script type=\"application\/ld+json\" class=\"yoast-schema-graph\">{\"@context\":\"https:\\\/\\\/schema.org\",\"@graph\":[{\"@type\":\"WebPage\",\"@id\":\"https:\\\/\\\/alprahealth.com\\\/product\\\/actavis-promethazine-codeine-purple-cough-syrup\\\/\",\"url\":\"https:\\\/\\\/alprahealth.com\\\/product\\\/actavis-promethazine-codeine-purple-cough-syrup\\\/\",\"name\":\"Md-pihp - Alprazolam Health\",\"isPartOf\":{\"@id\":\"https:\\\/\\\/alprahealth.com\\\/#website\"},\"primaryImageOfPage\":{\"@id\":\"https:\\\/\\\/alprahealth.com\\\/product\\\/actavis-promethazine-codeine-purple-cough-syrup\\\/#primaryimage\"},\"image\":{\"@id\":\"https:\\\/\\\/alprahealth.com\\\/product\\\/actavis-promethazine-codeine-purple-cough-syrup\\\/#primaryimage\"},\"thumbnailUrl\":\"https:\\\/\\\/alprahealth.com\\\/wp-content\\\/uploads\\\/2025\\\/12\\\/731.jpg\",\"datePublished\":\"2023-07-10T08:09:39+00:00\",\"dateModified\":\"2026-01-01T07:42:52+00:00\",\"description\":\"Actavis Codeine promethazine Cough suppressant Promethazine Codeine offers relief from unpleasant, dry coughs onents. Buy today.\",\"breadcrumb\":{\"@id\":\"https:\\\/\\\/alprahealth.com\\\/product\\\/actavis-promethazine-codeine-purple-cough-syrup\\\/#breadcrumb\"},\"inLanguage\":\"pl-PL\",\"potentialAction\":[{\"@type\":\"ReadAction\",\"target\":[\"https:\\\/\\\/alprahealth.com\\\/product\\\/actavis-promethazine-codeine-purple-cough-syrup\\\/\"]}]},{\"@type\":\"ImageObject\",\"inLanguage\":\"pl-PL\",\"@id\":\"https:\\\/\\\/alprahealth.com\\\/product\\\/actavis-promethazine-codeine-purple-cough-syrup\\\/#primaryimage\",\"url\":\"https:\\\/\\\/alprahealth.com\\\/wp-content\\\/uploads\\\/2025\\\/12\\\/731.jpg\",\"contentUrl\":\"https:\\\/\\\/alprahealth.com\\\/wp-content\\\/uploads\\\/2025\\\/12\\\/731.jpg\",\"width\":110,\"height\":62},{\"@type\":\"BreadcrumbList\",\"@id\":\"https:\\\/\\\/alprahealth.com\\\/product\\\/actavis-promethazine-codeine-purple-cough-syrup\\\/#breadcrumb\",\"itemListElement\":[{\"@type\":\"ListItem\",\"position\":1,\"name\":\"Home\",\"item\":\"https:\\\/\\\/alprahealth.com\\\/\"},{\"@type\":\"ListItem\",\"position\":2,\"name\":\"Shop\",\"item\":\"https:\\\/\\\/alprahealth.com\\\/shop\\\/\"},{\"@type\":\"ListItem\",\"position\":3,\"name\":\"Md-pihp\"}]},{\"@type\":\"WebSite\",\"@id\":\"https:\\\/\\\/alprahealth.com\\\/#website\",\"url\":\"https:\\\/\\\/alprahealth.com\\\/\",\"name\":\"Alprazolam Health\",\"description\":\"Buy Alprazolam Online\",\"publisher\":{\"@id\":\"https:\\\/\\\/alprahealth.com\\\/#organization\"},\"potentialAction\":[{\"@type\":\"SearchAction\",\"target\":{\"@type\":\"EntryPoint\",\"urlTemplate\":\"https:\\\/\\\/alprahealth.com\\\/?s={search_term_string}\"},\"query-input\":{\"@type\":\"PropertyValueSpecification\",\"valueRequired\":true,\"valueName\":\"search_term_string\"}}],\"inLanguage\":\"pl-PL\"},{\"@type\":\"Organization\",\"@id\":\"https:\\\/\\\/alprahealth.com\\\/#organization\",\"name\":\"Alprazolam Health\",\"url\":\"https:\\\/\\\/alprahealth.com\\\/\",\"logo\":{\"@type\":\"ImageObject\",\"inLanguage\":\"pl-PL\",\"@id\":\"https:\\\/\\\/alprahealth.com\\\/#\\\/schema\\\/logo\\\/image\\\/\",\"url\":\"https:\\\/\\\/alprahealth.com\\\/wp-content\\\/uploads\\\/2023\\\/04\\\/cropped-alprahealth.jpg\",\"contentUrl\":\"https:\\\/\\\/alprahealth.com\\\/wp-content\\\/uploads\\\/2023\\\/04\\\/cropped-alprahealth.jpg\",\"width\":512,\"height\":512,\"caption\":\"Alprazolam Health\"},\"image\":{\"@id\":\"https:\\\/\\\/alprahealth.com\\\/#\\\/schema\\\/logo\\\/image\\\/\"}}]}<\/script>\n<meta property=\"og:availability\" content=\"instock\" \/>\n<meta property=\"product:availability\" content=\"instock\" \/>\n<meta property=\"product:condition\" content=\"new\" \/>\n<!-- \/ Yoast SEO Premium plugin. -->","yoast_head_json":{"title":"Md-pihp - Alprazolam Health","description":"Actavis Codeine promethazine Cough suppressant Promethazine Codeine offers relief from unpleasant, dry coughs onents. Buy today.","robots":{"index":"index","follow":"follow","max-snippet":"max-snippet:-1","max-image-preview":"max-image-preview:large","max-video-preview":"max-video-preview:-1"},"canonical":"https:\/\/alprahealth.com\/pl\/produkt\/actavis-promethazine-codeine-purple-cough-syrup\/","og_locale":"pl_PL","og_type":"article","og_title":"Md-pihp","og_description":"Actavis Codeine promethazine Cough suppressant Promethazine Codeine offers relief from unpleasant, dry coughs onents. Buy today.","og_url":"https:\/\/alprahealth.com\/pl\/produkt\/actavis-promethazine-codeine-purple-cough-syrup\/","og_site_name":"Alprazolam Health","article_modified_time":"2026-01-01T07:42:52+00:00","og_image":[{"width":450,"height":450,"url":"https:\/\/alprahealth.com\/wp-content\/uploads\/2023\/07\/ctavis-Promethazine.webp","type":"image\/webp"}],"twitter_card":"summary_large_image","twitter_misc":{"Dost\u0119pno\u015b\u0107":"Dost\u0119pny"},"schema":{"@context":"https:\/\/schema.org","@graph":[{"@type":"WebPage","@id":"https:\/\/alprahealth.com\/product\/actavis-promethazine-codeine-purple-cough-syrup\/","url":"https:\/\/alprahealth.com\/product\/actavis-promethazine-codeine-purple-cough-syrup\/","name":"Md-pihp - Alprazolam Health","isPartOf":{"@id":"https:\/\/alprahealth.com\/#website"},"primaryImageOfPage":{"@id":"https:\/\/alprahealth.com\/product\/actavis-promethazine-codeine-purple-cough-syrup\/#primaryimage"},"image":{"@id":"https:\/\/alprahealth.com\/product\/actavis-promethazine-codeine-purple-cough-syrup\/#primaryimage"},"thumbnailUrl":"https:\/\/alprahealth.com\/wp-content\/uploads\/2025\/12\/731.jpg","datePublished":"2023-07-10T08:09:39+00:00","dateModified":"2026-01-01T07:42:52+00:00","description":"Actavis Codeine promethazine Cough suppressant Promethazine Codeine offers relief from unpleasant, dry coughs onents. Buy today.","breadcrumb":{"@id":"https:\/\/alprahealth.com\/product\/actavis-promethazine-codeine-purple-cough-syrup\/#breadcrumb"},"inLanguage":"pl-PL","potentialAction":[{"@type":"ReadAction","target":["https:\/\/alprahealth.com\/product\/actavis-promethazine-codeine-purple-cough-syrup\/"]}]},{"@type":"ImageObject","inLanguage":"pl-PL","@id":"https:\/\/alprahealth.com\/product\/actavis-promethazine-codeine-purple-cough-syrup\/#primaryimage","url":"https:\/\/alprahealth.com\/wp-content\/uploads\/2025\/12\/731.jpg","contentUrl":"https:\/\/alprahealth.com\/wp-content\/uploads\/2025\/12\/731.jpg","width":110,"height":62},{"@type":"BreadcrumbList","@id":"https:\/\/alprahealth.com\/product\/actavis-promethazine-codeine-purple-cough-syrup\/#breadcrumb","itemListElement":[{"@type":"ListItem","position":1,"name":"Home","item":"https:\/\/alprahealth.com\/"},{"@type":"ListItem","position":2,"name":"Shop","item":"https:\/\/alprahealth.com\/shop\/"},{"@type":"ListItem","position":3,"name":"Md-pihp"}]},{"@type":"WebSite","@id":"https:\/\/alprahealth.com\/#website","url":"https:\/\/alprahealth.com\/","name":"Alprazolam Health","description":"Buy Alprazolam Online","publisher":{"@id":"https:\/\/alprahealth.com\/#organization"},"potentialAction":[{"@type":"SearchAction","target":{"@type":"EntryPoint","urlTemplate":"https:\/\/alprahealth.com\/?s={search_term_string}"},"query-input":{"@type":"PropertyValueSpecification","valueRequired":true,"valueName":"search_term_string"}}],"inLanguage":"pl-PL"},{"@type":"Organization","@id":"https:\/\/alprahealth.com\/#organization","name":"Alprazolam Health","url":"https:\/\/alprahealth.com\/","logo":{"@type":"ImageObject","inLanguage":"pl-PL","@id":"https:\/\/alprahealth.com\/#\/schema\/logo\/image\/","url":"https:\/\/alprahealth.com\/wp-content\/uploads\/2023\/04\/cropped-alprahealth.jpg","contentUrl":"https:\/\/alprahealth.com\/wp-content\/uploads\/2023\/04\/cropped-alprahealth.jpg","width":512,"height":512,"caption":"Alprazolam Health"},"image":{"@id":"https:\/\/alprahealth.com\/#\/schema\/logo\/image\/"}}]},"og_availability":"instock","product_availability":"instock","product_condition":"new"},"_links":{"self":[{"href":"https:\/\/alprahealth.com\/pl\/wp-json\/wp\/v2\/product\/591","targetHints":{"allow":["GET"]}}],"collection":[{"href":"https:\/\/alprahealth.com\/pl\/wp-json\/wp\/v2\/product"}],"about":[{"href":"https:\/\/alprahealth.com\/pl\/wp-json\/wp\/v2\/types\/product"}],"wp:featuredmedia":[{"embeddable":true,"href":"https:\/\/alprahealth.com\/pl\/wp-json\/wp\/v2\/media\/6339"}],"wp:attachment":[{"href":"https:\/\/alprahealth.com\/pl\/wp-json\/wp\/v2\/media?parent=591"}],"wp:term":[{"taxonomy":"product_brand","embeddable":true,"href":"https:\/\/alprahealth.com\/pl\/wp-json\/wp\/v2\/product_brand?post=591"},{"taxonomy":"product_cat","embeddable":true,"href":"https:\/\/alprahealth.com\/pl\/wp-json\/wp\/v2\/product_cat?post=591"},{"taxonomy":"product_tag","embeddable":true,"href":"https:\/\/alprahealth.com\/pl\/wp-json\/wp\/v2\/product_tag?post=591"}],"curies":[{"name":"wp","href":"https:\/\/api.w.org\/{rel}","templated":true}]}}