{"id":5736,"date":"2025-05-15T02:01:26","date_gmt":"2025-05-14T20:01:26","guid":{"rendered":"https:\/\/alprahealth.com\/?post_type=product&#038;p=5736"},"modified":"2025-05-16T10:56:00","modified_gmt":"2025-05-16T04:56:00","slug":"buy-best-dmt-vape-pen","status":"publish","type":"product","link":"https:\/\/alprahealth.com\/pl\/produkt\/buy-best-dmt-vape-pen\/","title":{"rendered":"Buy BEST DMT VAPE PEN"},"content":{"rendered":"<h2><strong>Buy Dmt Vape Pen \u2013 Dmt Cartridges for sale \u2013 Buy Dmt Cart \u2013 Dmt Pens \u2013 Dmt Vape\u00a0<\/strong><\/h2>\n<p>This Cold-Start Method allows for more precision when heating and prevents your DMT from burning too hot.<\/p>\n<p>Get yourself the HAMR by Myster, and with this method of vaporizing, you will see when the DMT crystals begin to bubble.<\/p>\n<p>When they do, you know to quit applying heat!\u00a0Dmt\u00a0 Pen<\/p>\n<p>With the HAMR, everything you need to trip is attached conveniently together and optimally placed so that the process becomes much more manageable.<\/p>\n<h2><strong>TYPES OF DMT<\/strong><\/h2>\n<p>(1) Ayahuasca \u2013 A type of plant that grows in South America, which also happens to contain N,N-Dimethyltryptamine. Ayahuasca is commonly used in South America for\u00a0 shamanistic<br \/>\nrituals.<\/p>\n<p>(2) The Toad \u2013 Certain types of Toads carry DMT as a defense mechanism against predators. This type of DMT is also known as 5-MEO, which is a much more\u00a0 potent form<br \/>\nof DMT than that of the Ayahuasca plant.<\/p>\n<h2><strong>The Effects Of DMT<\/strong><\/h2>\n<p>The Deadhead Chemist offers a wide variety of DMT products, therefore trips and trip intensities can vary. But, if you take a couple of deep inhales from one of\u00a0 DEADHEAD\u2019s DMT Vapes you can expect to see some mild visual hallucinations of\u00a0 shapes and patterns. If you are an artist, this can be a life changing experience. Buy\u00a0 DMT Cartridge &amp; Battery and buy dmt cartridge online in Canada.<\/p>\n<ul>\n<li>The Benefits Of DMT<\/li>\n<li>Feel peaceful and relaxed.<\/li>\n<li>Have a positive mentality.<\/li>\n<li>Be more empathetic and connected.<\/li>\n<li>Increase your mental focus.<\/li>\n<li>Enhance colors and physical perceptions.<\/li>\n<li>Increase your energy and drive.<\/li>\n<\/ul>\n<h2>Risks of DMT<\/h2>\n<p>DMT induces a feeling of separation between the mind\/soul and the body. Losing this\u00a0 connection can catalyze an incredibly powerful and profound shift in consciousness, but\u00a0 it can also produce symptoms of depersonalization.<br \/>\nMoreover, the same study that found decreased anxiety- and depression-like symptoms\u00a0 in rats that received microdoses of DMT also found increased neuro atrophy, which is\u00a0 not observed in periodic administration of higher doses. More studies are required to\u00a0 determine the risks and benefits of microdosing DMT.<\/p>\n<h2><strong>DMT in Popular Culture\u00a0<\/strong><\/h2>\n<p><strong>JOE ROGAN\u00a0<\/strong><br \/>\nI can attribute most of my extensive knowledge of DMT from Mr. Google and the other\u00a0 half from<br \/>\nFear Factor Host and UFC commentator, Mr. Joe Rogan. He has a little podcast, called\u00a0 the \u201cJoe Rogan Experience\u201d (link to podcast), where he talks about his hobbies and\u00a0 interests. Some of these interests happen to include psychedelics and DMT. Click here\u00a0 to see more of his podcast.<\/p>\n<h2><strong>MIKE TYSON\u00a0<\/strong><\/h2>\n<p>Another very popular celebrity and boxing legend, Mike Tyson(link to Mike Tyson Wiki\u00a0 page?), has<br \/>\nbecome a very vocal advocate of DMT. Tyson has his own podcast on which he\u00a0 frequently smokes marijuana and mentions DMT, all while<br \/>\ninterviewing his guests. Many high-profile celebrities have appeared on Tyson\u2019s podcast\u00a0 in recent years. Tyson has even gone as far as saying that the use of DMT was what\u00a0 drove him back into the boxing ring in November of 2020. To see Tyson\u2019s podcast, click\u00a0 this link. (link)<\/p>\n<h2>Buy DMT Vape, Cartridge &amp; Battery Online In Canada<\/h2>\n<h2>Order DMT Vape, Cartridge, Battery &amp; 5-MeO DMT<\/h2>\n<p>\u2013 Works right out of the box<\/p>\n<p>\u2013 Low barrier to entry<br \/>\n\u2013 Wasteful<br \/>\n\u2013 1mL<br \/>\n\u2013 500mg DMT<br \/>\n\u2013 Spirit molecule psychedelic experience<br \/>\n\u2013 Vape and cartridge included<\/p>\n<p>You\u2019ll be in the magical colourful dimension of Dimitrys Magic Stick<\/p>\n<p>With the popularity of DMT rising, increased accessibility has allowed the brightest minds to create the best ways to smoke DMT.<\/p>\n<p>In this article, you will learn about the absolute best way to\u00a0<a href=\"https:\/\/houseofpsychedelic.com\/product\/buy-best-dmt-vape-pen\/\" target=\"_blank\" rel=\"nofollow noopener\">smoke DMT<\/a>, and by the end, you\u2019ll know which tools will help you have the safest and most desirable experience for breaking through with\u00a0DMT.<\/p>\n<p>crystal DMT are incredibly heat-sensitive, so the best way to vaporize them is with a cold-start rig.<\/p>\n<p><a href=\"https:\/\/realitysandwich.com\/dmt-vape-pens\/\" target=\"_blank\" rel=\"noopener sponsored\">Traditionally<\/a>, with a dab rig, you will heat the nail, then add your DMT. But a cold-start is meant to be loaded with DMT first, then heated.<\/p>\n<p>&nbsp;<\/p>\n<p>&nbsp;<\/p>\n","protected":false},"excerpt":{"rendered":"<h2><em>Buy DMT Vape, Cartridge &amp; Battery Online In California<br \/>\n<\/em><\/h2>\n<h2><em>Order DMT Vape, Cartridge, Battery &amp; 5-MeO DMT<\/em><\/h2>\n<p>\u2013 Works right out of the box<\/p>\n<p>\u2013 Low barrier to entry<br \/>\n\u2013 Wasteful<br \/>\n\u2013 1mL<br \/>\n\u2013 500mg DMT<br \/>\n\u2013 Spirit molecule psychedelic experience<br \/>\n\u2013 Vape and cartridge included<\/p>\n","protected":false},"featured_media":5788,"template":"","meta":{"_sitemap_exclude":false,"_sitemap_priority":"","_sitemap_frequency":"","_monsterinsights_skip_tracking":false,"_monsterinsights_sitenote_active":false,"_monsterinsights_sitenote_note":"","_monsterinsights_sitenote_category":0},"product_brand":[],"product_cat":[2043],"product_tag":[2141,2142,2143,2144,2077,2137,2145,2078,2146,2147],"class_list":{"0":"post-5736","1":"product","2":"type-product","3":"status-publish","4":"has-post-thumbnail","6":"product_cat-dmt","7":"product_tag-buy-dmt-vape-cartridge","8":"product_tag-buy-vape-cartridge-online","9":"product_tag-cartridge","10":"product_tag-carts","11":"product_tag-dmt","12":"product_tag-dmt-cartridge","13":"product_tag-dmt-carts","14":"product_tag-dmt-vape","15":"product_tag-dmt-vape-cartridge-for-sale","16":"product_tag-order-dmt-vape-cartridge-online","18":"first","19":"instock","20":"shipping-taxable","21":"purchasable","22":"product-type-variable"},"yoast_head":"<!-- This site is optimized with the Yoast SEO Premium plugin v23.5 (Yoast SEO v27.3) - https:\/\/yoast.com\/product\/yoast-seo-premium-wordpress\/ -->\n<title>Buy DMT Pen - Alprazolam Health<\/title>\n<meta name=\"description\" content=\"Buy DMT pen online and magic mushrooms at Alprazolam Health . Best psychedelic, DMT vape pen, DMT crystal and LSD. Explore the world of mescaline and psilo\" \/>\n<meta name=\"robots\" content=\"index, follow, max-snippet:-1, max-image-preview:large, max-video-preview:-1\" \/>\n<link rel=\"canonical\" href=\"https:\/\/alprahealth.com\/pl\/produkt\/buy-best-dmt-vape-pen\/\" \/>\n<meta property=\"og:locale\" content=\"pl_PL\" \/>\n<meta property=\"og:type\" content=\"article\" \/>\n<meta property=\"og:title\" content=\"Buy BEST DMT VAPE PEN\" \/>\n<meta property=\"og:description\" content=\"Buy DMT pen online and magic mushrooms at Alprazolam Health . Best psychedelic, DMT vape pen, DMT crystal and LSD. Explore the world of mescaline and psilo\" \/>\n<meta property=\"og:url\" content=\"https:\/\/alprahealth.com\/pl\/produkt\/buy-best-dmt-vape-pen\/\" \/>\n<meta property=\"og:site_name\" content=\"Alprazolam Health\" \/>\n<meta property=\"article:modified_time\" content=\"2025-05-16T04:56:00+00:00\" \/>\n<meta property=\"og:image\" content=\"https:\/\/alprahealth.com\/wp-content\/uploads\/2025\/05\/Buy-BEST-DMT-VAPE-PEN-From-Psychedelic-Society.jpeg\" \/>\n\t<meta property=\"og:image:width\" content=\"498\" \/>\n\t<meta property=\"og:image:height\" content=\"498\" \/>\n\t<meta property=\"og:image:type\" content=\"image\/jpeg\" \/>\n<meta name=\"twitter:card\" content=\"summary_large_image\" \/>\n<meta name=\"twitter:label1\" content=\"Dost\u0119pno\u015b\u0107\" \/>\n\t<meta name=\"twitter:data1\" content=\"Dost\u0119pny\" \/>\n<script type=\"application\/ld+json\" class=\"yoast-schema-graph\">{\"@context\":\"https:\\\/\\\/schema.org\",\"@graph\":[{\"@type\":\"WebPage\",\"@id\":\"https:\\\/\\\/alprahealth.com\\\/product\\\/buy-best-dmt-vape-pen\\\/\",\"url\":\"https:\\\/\\\/alprahealth.com\\\/product\\\/buy-best-dmt-vape-pen\\\/\",\"name\":\"Buy DMT Pen - Alprazolam Health\",\"isPartOf\":{\"@id\":\"https:\\\/\\\/alprahealth.com\\\/#website\"},\"primaryImageOfPage\":{\"@id\":\"https:\\\/\\\/alprahealth.com\\\/product\\\/buy-best-dmt-vape-pen\\\/#primaryimage\"},\"image\":{\"@id\":\"https:\\\/\\\/alprahealth.com\\\/product\\\/buy-best-dmt-vape-pen\\\/#primaryimage\"},\"thumbnailUrl\":\"https:\\\/\\\/alprahealth.com\\\/wp-content\\\/uploads\\\/2025\\\/05\\\/Buy-BEST-DMT-VAPE-PEN-From-Psychedelic-Society.jpeg\",\"datePublished\":\"2025-05-14T20:01:26+00:00\",\"dateModified\":\"2025-05-16T04:56:00+00:00\",\"description\":\"Buy DMT pen online and magic mushrooms at Alprazolam Health . Best psychedelic, DMT vape pen, DMT crystal and LSD. Explore the world of mescaline and psilo\",\"breadcrumb\":{\"@id\":\"https:\\\/\\\/alprahealth.com\\\/product\\\/buy-best-dmt-vape-pen\\\/#breadcrumb\"},\"inLanguage\":\"pl-PL\",\"potentialAction\":[{\"@type\":\"ReadAction\",\"target\":[\"https:\\\/\\\/alprahealth.com\\\/product\\\/buy-best-dmt-vape-pen\\\/\"]}]},{\"@type\":\"ImageObject\",\"inLanguage\":\"pl-PL\",\"@id\":\"https:\\\/\\\/alprahealth.com\\\/product\\\/buy-best-dmt-vape-pen\\\/#primaryimage\",\"url\":\"https:\\\/\\\/alprahealth.com\\\/wp-content\\\/uploads\\\/2025\\\/05\\\/Buy-BEST-DMT-VAPE-PEN-From-Psychedelic-Society.jpeg\",\"contentUrl\":\"https:\\\/\\\/alprahealth.com\\\/wp-content\\\/uploads\\\/2025\\\/05\\\/Buy-BEST-DMT-VAPE-PEN-From-Psychedelic-Society.jpeg\",\"width\":498,\"height\":498},{\"@type\":\"BreadcrumbList\",\"@id\":\"https:\\\/\\\/alprahealth.com\\\/product\\\/buy-best-dmt-vape-pen\\\/#breadcrumb\",\"itemListElement\":[{\"@type\":\"ListItem\",\"position\":1,\"name\":\"Home\",\"item\":\"https:\\\/\\\/alprahealth.com\\\/\"},{\"@type\":\"ListItem\",\"position\":2,\"name\":\"Shop\",\"item\":\"https:\\\/\\\/alprahealth.com\\\/shop\\\/\"},{\"@type\":\"ListItem\",\"position\":3,\"name\":\"Buy BEST DMT VAPE PEN\"}]},{\"@type\":\"WebSite\",\"@id\":\"https:\\\/\\\/alprahealth.com\\\/#website\",\"url\":\"https:\\\/\\\/alprahealth.com\\\/\",\"name\":\"Alprazolam Health\",\"description\":\"Buy Alprazolam Online\",\"publisher\":{\"@id\":\"https:\\\/\\\/alprahealth.com\\\/#organization\"},\"potentialAction\":[{\"@type\":\"SearchAction\",\"target\":{\"@type\":\"EntryPoint\",\"urlTemplate\":\"https:\\\/\\\/alprahealth.com\\\/?s={search_term_string}\"},\"query-input\":{\"@type\":\"PropertyValueSpecification\",\"valueRequired\":true,\"valueName\":\"search_term_string\"}}],\"inLanguage\":\"pl-PL\"},{\"@type\":\"Organization\",\"@id\":\"https:\\\/\\\/alprahealth.com\\\/#organization\",\"name\":\"Alprazolam Health\",\"url\":\"https:\\\/\\\/alprahealth.com\\\/\",\"logo\":{\"@type\":\"ImageObject\",\"inLanguage\":\"pl-PL\",\"@id\":\"https:\\\/\\\/alprahealth.com\\\/#\\\/schema\\\/logo\\\/image\\\/\",\"url\":\"https:\\\/\\\/alprahealth.com\\\/wp-content\\\/uploads\\\/2023\\\/04\\\/cropped-alprahealth.jpg\",\"contentUrl\":\"https:\\\/\\\/alprahealth.com\\\/wp-content\\\/uploads\\\/2023\\\/04\\\/cropped-alprahealth.jpg\",\"width\":512,\"height\":512,\"caption\":\"Alprazolam Health\"},\"image\":{\"@id\":\"https:\\\/\\\/alprahealth.com\\\/#\\\/schema\\\/logo\\\/image\\\/\"}}]}<\/script>\n<meta property=\"og:availability\" content=\"instock\" \/>\n<meta property=\"product:availability\" content=\"instock\" \/>\n<meta property=\"product:condition\" content=\"new\" \/>\n<!-- \/ Yoast SEO Premium plugin. -->","yoast_head_json":{"title":"Buy DMT Pen - Alprazolam Health","description":"Buy DMT pen online and magic mushrooms at Alprazolam Health . Best psychedelic, DMT vape pen, DMT crystal and LSD. Explore the world of mescaline and psilo","robots":{"index":"index","follow":"follow","max-snippet":"max-snippet:-1","max-image-preview":"max-image-preview:large","max-video-preview":"max-video-preview:-1"},"canonical":"https:\/\/alprahealth.com\/pl\/produkt\/buy-best-dmt-vape-pen\/","og_locale":"pl_PL","og_type":"article","og_title":"Buy BEST DMT VAPE PEN","og_description":"Buy DMT pen online and magic mushrooms at Alprazolam Health . Best psychedelic, DMT vape pen, DMT crystal and LSD. Explore the world of mescaline and psilo","og_url":"https:\/\/alprahealth.com\/pl\/produkt\/buy-best-dmt-vape-pen\/","og_site_name":"Alprazolam Health","article_modified_time":"2025-05-16T04:56:00+00:00","og_image":[{"width":498,"height":498,"url":"https:\/\/alprahealth.com\/wp-content\/uploads\/2025\/05\/Buy-BEST-DMT-VAPE-PEN-From-Psychedelic-Society.jpeg","type":"image\/jpeg"}],"twitter_card":"summary_large_image","twitter_misc":{"Dost\u0119pno\u015b\u0107":"Dost\u0119pny"},"schema":{"@context":"https:\/\/schema.org","@graph":[{"@type":"WebPage","@id":"https:\/\/alprahealth.com\/product\/buy-best-dmt-vape-pen\/","url":"https:\/\/alprahealth.com\/product\/buy-best-dmt-vape-pen\/","name":"Buy DMT Pen - Alprazolam Health","isPartOf":{"@id":"https:\/\/alprahealth.com\/#website"},"primaryImageOfPage":{"@id":"https:\/\/alprahealth.com\/product\/buy-best-dmt-vape-pen\/#primaryimage"},"image":{"@id":"https:\/\/alprahealth.com\/product\/buy-best-dmt-vape-pen\/#primaryimage"},"thumbnailUrl":"https:\/\/alprahealth.com\/wp-content\/uploads\/2025\/05\/Buy-BEST-DMT-VAPE-PEN-From-Psychedelic-Society.jpeg","datePublished":"2025-05-14T20:01:26+00:00","dateModified":"2025-05-16T04:56:00+00:00","description":"Buy DMT pen online and magic mushrooms at Alprazolam Health . Best psychedelic, DMT vape pen, DMT crystal and LSD. Explore the world of mescaline and psilo","breadcrumb":{"@id":"https:\/\/alprahealth.com\/product\/buy-best-dmt-vape-pen\/#breadcrumb"},"inLanguage":"pl-PL","potentialAction":[{"@type":"ReadAction","target":["https:\/\/alprahealth.com\/product\/buy-best-dmt-vape-pen\/"]}]},{"@type":"ImageObject","inLanguage":"pl-PL","@id":"https:\/\/alprahealth.com\/product\/buy-best-dmt-vape-pen\/#primaryimage","url":"https:\/\/alprahealth.com\/wp-content\/uploads\/2025\/05\/Buy-BEST-DMT-VAPE-PEN-From-Psychedelic-Society.jpeg","contentUrl":"https:\/\/alprahealth.com\/wp-content\/uploads\/2025\/05\/Buy-BEST-DMT-VAPE-PEN-From-Psychedelic-Society.jpeg","width":498,"height":498},{"@type":"BreadcrumbList","@id":"https:\/\/alprahealth.com\/product\/buy-best-dmt-vape-pen\/#breadcrumb","itemListElement":[{"@type":"ListItem","position":1,"name":"Home","item":"https:\/\/alprahealth.com\/"},{"@type":"ListItem","position":2,"name":"Shop","item":"https:\/\/alprahealth.com\/shop\/"},{"@type":"ListItem","position":3,"name":"Buy BEST DMT VAPE PEN"}]},{"@type":"WebSite","@id":"https:\/\/alprahealth.com\/#website","url":"https:\/\/alprahealth.com\/","name":"Alprazolam Health","description":"Buy Alprazolam Online","publisher":{"@id":"https:\/\/alprahealth.com\/#organization"},"potentialAction":[{"@type":"SearchAction","target":{"@type":"EntryPoint","urlTemplate":"https:\/\/alprahealth.com\/?s={search_term_string}"},"query-input":{"@type":"PropertyValueSpecification","valueRequired":true,"valueName":"search_term_string"}}],"inLanguage":"pl-PL"},{"@type":"Organization","@id":"https:\/\/alprahealth.com\/#organization","name":"Alprazolam Health","url":"https:\/\/alprahealth.com\/","logo":{"@type":"ImageObject","inLanguage":"pl-PL","@id":"https:\/\/alprahealth.com\/#\/schema\/logo\/image\/","url":"https:\/\/alprahealth.com\/wp-content\/uploads\/2023\/04\/cropped-alprahealth.jpg","contentUrl":"https:\/\/alprahealth.com\/wp-content\/uploads\/2023\/04\/cropped-alprahealth.jpg","width":512,"height":512,"caption":"Alprazolam Health"},"image":{"@id":"https:\/\/alprahealth.com\/#\/schema\/logo\/image\/"}}]},"og_availability":"instock","product_availability":"instock","product_condition":"new"},"_links":{"self":[{"href":"https:\/\/alprahealth.com\/pl\/wp-json\/wp\/v2\/product\/5736","targetHints":{"allow":["GET"]}}],"collection":[{"href":"https:\/\/alprahealth.com\/pl\/wp-json\/wp\/v2\/product"}],"about":[{"href":"https:\/\/alprahealth.com\/pl\/wp-json\/wp\/v2\/types\/product"}],"wp:featuredmedia":[{"embeddable":true,"href":"https:\/\/alprahealth.com\/pl\/wp-json\/wp\/v2\/media\/5788"}],"wp:attachment":[{"href":"https:\/\/alprahealth.com\/pl\/wp-json\/wp\/v2\/media?parent=5736"}],"wp:term":[{"taxonomy":"product_brand","embeddable":true,"href":"https:\/\/alprahealth.com\/pl\/wp-json\/wp\/v2\/product_brand?post=5736"},{"taxonomy":"product_cat","embeddable":true,"href":"https:\/\/alprahealth.com\/pl\/wp-json\/wp\/v2\/product_cat?post=5736"},{"taxonomy":"product_tag","embeddable":true,"href":"https:\/\/alprahealth.com\/pl\/wp-json\/wp\/v2\/product_tag?post=5736"}],"curies":[{"name":"wp","href":"https:\/\/api.w.org\/{rel}","templated":true}]}}