{"id":4923,"date":"2025-03-16T00:40:12","date_gmt":"2025-03-15T18:40:12","guid":{"rendered":"https:\/\/alprahealth.com\/?post_type=product&#038;p=4923"},"modified":"2025-03-16T00:46:12","modified_gmt":"2025-03-15T18:46:12","slug":"d-bol-50-gold-usa","status":"publish","type":"product","link":"https:\/\/alprahealth.com\/pl\/produkt\/d-bol-50-gold-usa\/","title":{"rendered":"D-Bol 50 Gold  &#8211; USA"},"content":{"rendered":"<p>WHAT IS IT:<\/p>\n<p>D-Bol 50 Gold is Methandienone in injectable form. Methandienone is one of the oldest anabolic steroids ever created and also one of the strongest. D-Bol 50 Gold (Methandienone) is one of the most commonly used anabolic compounds in a mass-gaining cycle. A typical D-Bol 50 Gold (Methandienone) cycle lasts up to 12-weeks.<\/p>\n<p>HOW TO USE:<\/p>\n<p>The recommended dosage for bodybuilders and seasoned athletes is up to 50 mg\/day with manageable side effects. Professional bodybuilders might use up to 100 mg\/day. Be aware because you will definitely experience side effects at that dose.<\/p>\n<p>This drug has one of the shortest half-lives among steroids of only 3-5 hours.<\/p>\n<p>SPECIAL PRECAUTIONS FOR STORAGE:<\/p>\n<p>Store below 30\u00b0C.<br \/> Protect from light. Do not freeze.<\/p>\n","protected":false},"excerpt":{"rendered":"<p><strong>ACTIVE HALF-LIFE<\/strong>\u00a05-6 Hours<br \/> <i class=\"icon-star\"><\/i>\u00a0<strong>CLASSIFICATION<\/strong>\u00a0Anabolic Steroid<br \/> <i class=\"icon-star\"><\/i>\u00a0<strong>DOSAGE<\/strong>\u00a0Men 20-50 mg\/day<br \/> <i class=\"icon-star\"><\/i>\u00a0<strong>ACNE<\/strong>\u00a0Yes<br \/> <i class=\"icon-star\"><\/i>\u00a0<strong>WATER RETENTION<\/strong>\u00a0Yes<br \/> <i class=\"icon-star\"><\/i>\u00a0<strong>HBR<\/strong>\u00a0Yes<br \/> <i class=\"icon-star\"><\/i>\u00a0<strong>HEPATOTOXICITY<\/strong>\u00a0Yes<br \/> <i class=\"icon-star\"><\/i>\u00a0<strong>AROMATIZATION<\/strong>\u00a0High<\/p>\n","protected":false},"featured_media":4980,"template":"","meta":{"_sitemap_exclude":false,"_sitemap_priority":"","_sitemap_frequency":"","_monsterinsights_skip_tracking":false,"_monsterinsights_sitenote_active":false,"_monsterinsights_sitenote_note":"","_monsterinsights_sitenote_category":0},"product_brand":[],"product_cat":[1965,821,1966,1246],"product_tag":[],"class_list":{"0":"post-4923","1":"product","2":"type-product","3":"status-publish","4":"has-post-thumbnail","6":"product_cat-euro-pharmacies-us","7":"product_cat-injectable-steroids","8":"product_cat-usa-13","9":"product_cat-usa-warehouse","11":"first","12":"outofstock","13":"shipping-taxable","14":"purchasable","15":"product-type-simple"},"yoast_head":"<!-- This site is optimized with the Yoast SEO Premium plugin v23.5 (Yoast SEO v27.3) - https:\/\/yoast.com\/product\/yoast-seo-premium-wordpress\/ -->\n<title>D-Bol 50 Gold &#8211; USA - Alprazolam Health<\/title>\n<meta name=\"robots\" content=\"index, follow, max-snippet:-1, max-image-preview:large, max-video-preview:-1\" \/>\n<link rel=\"canonical\" href=\"https:\/\/alprahealth.com\/pl\/produkt\/d-bol-50-gold-usa\/\" \/>\n<meta property=\"og:locale\" content=\"pl_PL\" \/>\n<meta property=\"og:type\" content=\"article\" \/>\n<meta property=\"og:title\" content=\"D-Bol 50 Gold &#8211; USA\" \/>\n<meta property=\"og:description\" content=\"ACTIVE HALF-LIFE\u00a05-6 Hours \u00a0CLASSIFICATION\u00a0Anabolic Steroid \u00a0DOSAGE\u00a0Men 20-50 mg\/day \u00a0ACNE\u00a0Yes \u00a0WATER RETENTION\u00a0Yes \u00a0HBR\u00a0Yes \u00a0HEPATOTOXICITY\u00a0Yes \u00a0AROMATIZATION\u00a0High\" \/>\n<meta property=\"og:url\" content=\"https:\/\/alprahealth.com\/pl\/produkt\/d-bol-50-gold-usa\/\" \/>\n<meta property=\"og:site_name\" content=\"Alprazolam Health\" \/>\n<meta property=\"article:modified_time\" content=\"2025-03-15T18:46:12+00:00\" \/>\n<meta name=\"twitter:card\" content=\"summary_large_image\" \/>\n<meta name=\"twitter:label1\" content=\"Cena\" \/>\n\t<meta name=\"twitter:data1\" content=\"&#036;105.00\" \/>\n\t<meta name=\"twitter:label2\" content=\"Dost\u0119pno\u015b\u0107\" \/>\n\t<meta name=\"twitter:data2\" content=\"Brak w magazynie\" \/>\n<script type=\"application\/ld+json\" class=\"yoast-schema-graph\">{\"@context\":\"https:\\\/\\\/schema.org\",\"@graph\":[{\"@type\":\"WebPage\",\"@id\":\"https:\\\/\\\/alprahealth.com\\\/product\\\/d-bol-50-gold-usa\\\/\",\"url\":\"https:\\\/\\\/alprahealth.com\\\/product\\\/d-bol-50-gold-usa\\\/\",\"name\":\"D-Bol 50 Gold &#8211; USA - Alprazolam Health\",\"isPartOf\":{\"@id\":\"https:\\\/\\\/alprahealth.com\\\/#website\"},\"primaryImageOfPage\":{\"@id\":\"https:\\\/\\\/alprahealth.com\\\/product\\\/d-bol-50-gold-usa\\\/#primaryimage\"},\"image\":{\"@id\":\"https:\\\/\\\/alprahealth.com\\\/product\\\/d-bol-50-gold-usa\\\/#primaryimage\"},\"thumbnailUrl\":\"https:\\\/\\\/alprahealth.com\\\/wp-content\\\/uploads\\\/2025\\\/03\\\/b-d-bol-50-gold-1.jpeg\",\"datePublished\":\"2025-03-15T18:40:12+00:00\",\"dateModified\":\"2025-03-15T18:46:12+00:00\",\"breadcrumb\":{\"@id\":\"https:\\\/\\\/alprahealth.com\\\/product\\\/d-bol-50-gold-usa\\\/#breadcrumb\"},\"inLanguage\":\"pl-PL\",\"potentialAction\":[{\"@type\":\"ReadAction\",\"target\":[\"https:\\\/\\\/alprahealth.com\\\/product\\\/d-bol-50-gold-usa\\\/\"]}]},{\"@type\":\"ImageObject\",\"inLanguage\":\"pl-PL\",\"@id\":\"https:\\\/\\\/alprahealth.com\\\/product\\\/d-bol-50-gold-usa\\\/#primaryimage\",\"url\":\"https:\\\/\\\/alprahealth.com\\\/wp-content\\\/uploads\\\/2025\\\/03\\\/b-d-bol-50-gold-1.jpeg\",\"contentUrl\":\"https:\\\/\\\/alprahealth.com\\\/wp-content\\\/uploads\\\/2025\\\/03\\\/b-d-bol-50-gold-1.jpeg\",\"width\":800,\"height\":800},{\"@type\":\"BreadcrumbList\",\"@id\":\"https:\\\/\\\/alprahealth.com\\\/product\\\/d-bol-50-gold-usa\\\/#breadcrumb\",\"itemListElement\":[{\"@type\":\"ListItem\",\"position\":1,\"name\":\"Home\",\"item\":\"https:\\\/\\\/alprahealth.com\\\/\"},{\"@type\":\"ListItem\",\"position\":2,\"name\":\"Shop\",\"item\":\"https:\\\/\\\/alprahealth.com\\\/shop\\\/\"},{\"@type\":\"ListItem\",\"position\":3,\"name\":\"D-Bol 50 Gold &#8211; USA\"}]},{\"@type\":\"WebSite\",\"@id\":\"https:\\\/\\\/alprahealth.com\\\/#website\",\"url\":\"https:\\\/\\\/alprahealth.com\\\/\",\"name\":\"Alprazolam Health\",\"description\":\"Buy Alprazolam Online\",\"publisher\":{\"@id\":\"https:\\\/\\\/alprahealth.com\\\/#organization\"},\"potentialAction\":[{\"@type\":\"SearchAction\",\"target\":{\"@type\":\"EntryPoint\",\"urlTemplate\":\"https:\\\/\\\/alprahealth.com\\\/?s={search_term_string}\"},\"query-input\":{\"@type\":\"PropertyValueSpecification\",\"valueRequired\":true,\"valueName\":\"search_term_string\"}}],\"inLanguage\":\"pl-PL\"},{\"@type\":\"Organization\",\"@id\":\"https:\\\/\\\/alprahealth.com\\\/#organization\",\"name\":\"Alprazolam Health\",\"url\":\"https:\\\/\\\/alprahealth.com\\\/\",\"logo\":{\"@type\":\"ImageObject\",\"inLanguage\":\"pl-PL\",\"@id\":\"https:\\\/\\\/alprahealth.com\\\/#\\\/schema\\\/logo\\\/image\\\/\",\"url\":\"https:\\\/\\\/alprahealth.com\\\/wp-content\\\/uploads\\\/2023\\\/04\\\/cropped-alprahealth.jpg\",\"contentUrl\":\"https:\\\/\\\/alprahealth.com\\\/wp-content\\\/uploads\\\/2023\\\/04\\\/cropped-alprahealth.jpg\",\"width\":512,\"height\":512,\"caption\":\"Alprazolam Health\"},\"image\":{\"@id\":\"https:\\\/\\\/alprahealth.com\\\/#\\\/schema\\\/logo\\\/image\\\/\"}}]}<\/script>\n<meta property=\"product:price:amount\" content=\"105.00\" \/>\n<meta property=\"product:price:currency\" content=\"USD\" \/>\n<meta property=\"og:availability\" content=\"out of stock\" \/>\n<meta property=\"product:availability\" content=\"out of stock\" \/>\n<meta property=\"product:retailer_item_id\" content=\"FG-Euro Pharmacies-upline7732\" \/>\n<meta property=\"product:condition\" content=\"new\" \/>\n<!-- \/ Yoast SEO Premium plugin. -->","yoast_head_json":{"title":"D-Bol 50 Gold &#8211; USA - Alprazolam Health","robots":{"index":"index","follow":"follow","max-snippet":"max-snippet:-1","max-image-preview":"max-image-preview:large","max-video-preview":"max-video-preview:-1"},"canonical":"https:\/\/alprahealth.com\/pl\/produkt\/d-bol-50-gold-usa\/","og_locale":"pl_PL","og_type":"article","og_title":"D-Bol 50 Gold &#8211; USA","og_description":"ACTIVE HALF-LIFE\u00a05-6 Hours \u00a0CLASSIFICATION\u00a0Anabolic Steroid \u00a0DOSAGE\u00a0Men 20-50 mg\/day \u00a0ACNE\u00a0Yes \u00a0WATER RETENTION\u00a0Yes \u00a0HBR\u00a0Yes \u00a0HEPATOTOXICITY\u00a0Yes \u00a0AROMATIZATION\u00a0High","og_url":"https:\/\/alprahealth.com\/pl\/produkt\/d-bol-50-gold-usa\/","og_site_name":"Alprazolam Health","article_modified_time":"2025-03-15T18:46:12+00:00","twitter_card":"summary_large_image","twitter_misc":{"Cena":"&#36;105.00","Dost\u0119pno\u015b\u0107":"Brak w magazynie"},"schema":{"@context":"https:\/\/schema.org","@graph":[{"@type":"WebPage","@id":"https:\/\/alprahealth.com\/product\/d-bol-50-gold-usa\/","url":"https:\/\/alprahealth.com\/product\/d-bol-50-gold-usa\/","name":"D-Bol 50 Gold &#8211; USA - Alprazolam Health","isPartOf":{"@id":"https:\/\/alprahealth.com\/#website"},"primaryImageOfPage":{"@id":"https:\/\/alprahealth.com\/product\/d-bol-50-gold-usa\/#primaryimage"},"image":{"@id":"https:\/\/alprahealth.com\/product\/d-bol-50-gold-usa\/#primaryimage"},"thumbnailUrl":"https:\/\/alprahealth.com\/wp-content\/uploads\/2025\/03\/b-d-bol-50-gold-1.jpeg","datePublished":"2025-03-15T18:40:12+00:00","dateModified":"2025-03-15T18:46:12+00:00","breadcrumb":{"@id":"https:\/\/alprahealth.com\/product\/d-bol-50-gold-usa\/#breadcrumb"},"inLanguage":"pl-PL","potentialAction":[{"@type":"ReadAction","target":["https:\/\/alprahealth.com\/product\/d-bol-50-gold-usa\/"]}]},{"@type":"ImageObject","inLanguage":"pl-PL","@id":"https:\/\/alprahealth.com\/product\/d-bol-50-gold-usa\/#primaryimage","url":"https:\/\/alprahealth.com\/wp-content\/uploads\/2025\/03\/b-d-bol-50-gold-1.jpeg","contentUrl":"https:\/\/alprahealth.com\/wp-content\/uploads\/2025\/03\/b-d-bol-50-gold-1.jpeg","width":800,"height":800},{"@type":"BreadcrumbList","@id":"https:\/\/alprahealth.com\/product\/d-bol-50-gold-usa\/#breadcrumb","itemListElement":[{"@type":"ListItem","position":1,"name":"Home","item":"https:\/\/alprahealth.com\/"},{"@type":"ListItem","position":2,"name":"Shop","item":"https:\/\/alprahealth.com\/shop\/"},{"@type":"ListItem","position":3,"name":"D-Bol 50 Gold &#8211; USA"}]},{"@type":"WebSite","@id":"https:\/\/alprahealth.com\/#website","url":"https:\/\/alprahealth.com\/","name":"Alprazolam Health","description":"Buy Alprazolam Online","publisher":{"@id":"https:\/\/alprahealth.com\/#organization"},"potentialAction":[{"@type":"SearchAction","target":{"@type":"EntryPoint","urlTemplate":"https:\/\/alprahealth.com\/?s={search_term_string}"},"query-input":{"@type":"PropertyValueSpecification","valueRequired":true,"valueName":"search_term_string"}}],"inLanguage":"pl-PL"},{"@type":"Organization","@id":"https:\/\/alprahealth.com\/#organization","name":"Alprazolam Health","url":"https:\/\/alprahealth.com\/","logo":{"@type":"ImageObject","inLanguage":"pl-PL","@id":"https:\/\/alprahealth.com\/#\/schema\/logo\/image\/","url":"https:\/\/alprahealth.com\/wp-content\/uploads\/2023\/04\/cropped-alprahealth.jpg","contentUrl":"https:\/\/alprahealth.com\/wp-content\/uploads\/2023\/04\/cropped-alprahealth.jpg","width":512,"height":512,"caption":"Alprazolam Health"},"image":{"@id":"https:\/\/alprahealth.com\/#\/schema\/logo\/image\/"}}]},"product_price_amount":"105.00","product_price_currency":"USD","og_availability":"out of stock","product_availability":"out of stock","product_retailer_item_id":"FG-Euro Pharmacies-upline7732","product_condition":"new"},"_links":{"self":[{"href":"https:\/\/alprahealth.com\/pl\/wp-json\/wp\/v2\/product\/4923","targetHints":{"allow":["GET"]}}],"collection":[{"href":"https:\/\/alprahealth.com\/pl\/wp-json\/wp\/v2\/product"}],"about":[{"href":"https:\/\/alprahealth.com\/pl\/wp-json\/wp\/v2\/types\/product"}],"wp:featuredmedia":[{"embeddable":true,"href":"https:\/\/alprahealth.com\/pl\/wp-json\/wp\/v2\/media\/4980"}],"wp:attachment":[{"href":"https:\/\/alprahealth.com\/pl\/wp-json\/wp\/v2\/media?parent=4923"}],"wp:term":[{"taxonomy":"product_brand","embeddable":true,"href":"https:\/\/alprahealth.com\/pl\/wp-json\/wp\/v2\/product_brand?post=4923"},{"taxonomy":"product_cat","embeddable":true,"href":"https:\/\/alprahealth.com\/pl\/wp-json\/wp\/v2\/product_cat?post=4923"},{"taxonomy":"product_tag","embeddable":true,"href":"https:\/\/alprahealth.com\/pl\/wp-json\/wp\/v2\/product_tag?post=4923"}],"curies":[{"name":"wp","href":"https:\/\/api.w.org\/{rel}","templated":true}]}}