{"id":4598,"date":"2025-03-16T00:11:28","date_gmt":"2025-03-15T18:11:28","guid":{"rendered":"https:\/\/alprahealth.com\/?post_type=product&#038;p=4598"},"modified":"2025-03-16T00:16:10","modified_gmt":"2025-03-15T18:16:10","slug":"euthyrox-100mcg","status":"publish","type":"product","link":"https:\/\/alprahealth.com\/pl\/produkt\/euthyrox-100mcg\/","title":{"rendered":"Euthyrox 100mcg"},"content":{"rendered":"<p>Levothyroxine?is used to treat an underactive?thyroid?(hypothyroidism). It replaces or provides more thyroid?hormone, which is normally produced by the thyroid gland.?Low thyroid?hormone levels can occur naturally or when the thyroid gland is injured by?radiation\/medications?or removed by surgery. Having enough thyroid hormone is important for maintaining normal mental and?physical activity. In children, having enough thyroid hormone is important for normal mental and physical development. This medication?is also used to treat other types of?thyroid disorders?(such as?thyroid cancer).This medication should not be used to treat?infertility?unless it is caused by?low thyroid?hormone levels.<\/p>\n","protected":false},"excerpt":{"rendered":"<p><strong>Content:<\/strong> 50 tabs<br \/> <b>Place of Origin:<\/b> Turkey<br \/> <strong>Manufacturer:<\/strong> Merck<br \/> <b>Substances:<\/b> T4<br \/> <strong>Category:<\/strong> Weight Loss<\/p>\n","protected":false},"featured_media":4654,"template":"","meta":{"_sitemap_exclude":false,"_sitemap_priority":"","_sitemap_frequency":"","_monsterinsights_skip_tracking":false,"_monsterinsights_sitenote_active":false,"_monsterinsights_sitenote_note":"","_monsterinsights_sitenote_category":0},"product_brand":[],"product_cat":[1854,1492,1852,1853,1330],"product_tag":[],"class_list":{"0":"post-4598","1":"product","2":"type-product","3":"status-publish","4":"has-post-thumbnail","6":"product_cat-eu-6","7":"product_cat-liothyronine-sodium","8":"product_cat-pharmacy","9":"product_cat-turkish-pharmacy","10":"product_cat-weight-loss","12":"first","13":"outofstock","14":"shipping-taxable","15":"purchasable","16":"product-type-simple"},"yoast_head":"<!-- This site is optimized with the Yoast SEO Premium plugin v23.5 (Yoast SEO v27.3) - https:\/\/yoast.com\/product\/yoast-seo-premium-wordpress\/ -->\n<title>Euthyrox 100mcg - Alprazolam Health<\/title>\n<meta name=\"robots\" content=\"index, follow, max-snippet:-1, max-image-preview:large, max-video-preview:-1\" \/>\n<link rel=\"canonical\" href=\"https:\/\/alprahealth.com\/pl\/produkt\/euthyrox-100mcg\/\" \/>\n<meta property=\"og:locale\" content=\"pl_PL\" \/>\n<meta property=\"og:type\" content=\"article\" \/>\n<meta property=\"og:title\" content=\"Euthyrox 100mcg\" \/>\n<meta property=\"og:description\" content=\"Content: 50 tabs Place of Origin: Turkey Manufacturer: Merck Substances: T4 Category: Weight Loss\" \/>\n<meta property=\"og:url\" content=\"https:\/\/alprahealth.com\/pl\/produkt\/euthyrox-100mcg\/\" \/>\n<meta property=\"og:site_name\" content=\"Alprazolam Health\" \/>\n<meta property=\"article:modified_time\" content=\"2025-03-15T18:16:10+00:00\" \/>\n<meta name=\"twitter:card\" content=\"summary_large_image\" \/>\n<meta name=\"twitter:label1\" content=\"Cena\" \/>\n\t<meta name=\"twitter:data1\" content=\"&#036;14.00\" \/>\n\t<meta name=\"twitter:label2\" content=\"Dost\u0119pno\u015b\u0107\" \/>\n\t<meta name=\"twitter:data2\" content=\"Brak w magazynie\" \/>\n<script type=\"application\/ld+json\" class=\"yoast-schema-graph\">{\"@context\":\"https:\\\/\\\/schema.org\",\"@graph\":[{\"@type\":\"WebPage\",\"@id\":\"https:\\\/\\\/alprahealth.com\\\/product\\\/euthyrox-100mcg\\\/\",\"url\":\"https:\\\/\\\/alprahealth.com\\\/product\\\/euthyrox-100mcg\\\/\",\"name\":\"Euthyrox 100mcg - Alprazolam Health\",\"isPartOf\":{\"@id\":\"https:\\\/\\\/alprahealth.com\\\/#website\"},\"primaryImageOfPage\":{\"@id\":\"https:\\\/\\\/alprahealth.com\\\/product\\\/euthyrox-100mcg\\\/#primaryimage\"},\"image\":{\"@id\":\"https:\\\/\\\/alprahealth.com\\\/product\\\/euthyrox-100mcg\\\/#primaryimage\"},\"thumbnailUrl\":\"https:\\\/\\\/alprahealth.com\\\/wp-content\\\/uploads\\\/2025\\\/03\\\/100-mcg.jpg\",\"datePublished\":\"2025-03-15T18:11:28+00:00\",\"dateModified\":\"2025-03-15T18:16:10+00:00\",\"breadcrumb\":{\"@id\":\"https:\\\/\\\/alprahealth.com\\\/product\\\/euthyrox-100mcg\\\/#breadcrumb\"},\"inLanguage\":\"pl-PL\",\"potentialAction\":[{\"@type\":\"ReadAction\",\"target\":[\"https:\\\/\\\/alprahealth.com\\\/product\\\/euthyrox-100mcg\\\/\"]}]},{\"@type\":\"ImageObject\",\"inLanguage\":\"pl-PL\",\"@id\":\"https:\\\/\\\/alprahealth.com\\\/product\\\/euthyrox-100mcg\\\/#primaryimage\",\"url\":\"https:\\\/\\\/alprahealth.com\\\/wp-content\\\/uploads\\\/2025\\\/03\\\/100-mcg.jpg\",\"contentUrl\":\"https:\\\/\\\/alprahealth.com\\\/wp-content\\\/uploads\\\/2025\\\/03\\\/100-mcg.jpg\",\"width\":1280,\"height\":1280},{\"@type\":\"BreadcrumbList\",\"@id\":\"https:\\\/\\\/alprahealth.com\\\/product\\\/euthyrox-100mcg\\\/#breadcrumb\",\"itemListElement\":[{\"@type\":\"ListItem\",\"position\":1,\"name\":\"Home\",\"item\":\"https:\\\/\\\/alprahealth.com\\\/\"},{\"@type\":\"ListItem\",\"position\":2,\"name\":\"Shop\",\"item\":\"https:\\\/\\\/alprahealth.com\\\/shop\\\/\"},{\"@type\":\"ListItem\",\"position\":3,\"name\":\"Euthyrox 100mcg\"}]},{\"@type\":\"WebSite\",\"@id\":\"https:\\\/\\\/alprahealth.com\\\/#website\",\"url\":\"https:\\\/\\\/alprahealth.com\\\/\",\"name\":\"Alprazolam Health\",\"description\":\"Buy Alprazolam Online\",\"publisher\":{\"@id\":\"https:\\\/\\\/alprahealth.com\\\/#organization\"},\"potentialAction\":[{\"@type\":\"SearchAction\",\"target\":{\"@type\":\"EntryPoint\",\"urlTemplate\":\"https:\\\/\\\/alprahealth.com\\\/?s={search_term_string}\"},\"query-input\":{\"@type\":\"PropertyValueSpecification\",\"valueRequired\":true,\"valueName\":\"search_term_string\"}}],\"inLanguage\":\"pl-PL\"},{\"@type\":\"Organization\",\"@id\":\"https:\\\/\\\/alprahealth.com\\\/#organization\",\"name\":\"Alprazolam Health\",\"url\":\"https:\\\/\\\/alprahealth.com\\\/\",\"logo\":{\"@type\":\"ImageObject\",\"inLanguage\":\"pl-PL\",\"@id\":\"https:\\\/\\\/alprahealth.com\\\/#\\\/schema\\\/logo\\\/image\\\/\",\"url\":\"https:\\\/\\\/alprahealth.com\\\/wp-content\\\/uploads\\\/2023\\\/04\\\/cropped-alprahealth.jpg\",\"contentUrl\":\"https:\\\/\\\/alprahealth.com\\\/wp-content\\\/uploads\\\/2023\\\/04\\\/cropped-alprahealth.jpg\",\"width\":512,\"height\":512,\"caption\":\"Alprazolam Health\"},\"image\":{\"@id\":\"https:\\\/\\\/alprahealth.com\\\/#\\\/schema\\\/logo\\\/image\\\/\"}}]}<\/script>\n<meta property=\"product:price:amount\" content=\"14.00\" \/>\n<meta property=\"product:price:currency\" content=\"USD\" \/>\n<meta property=\"og:availability\" content=\"out of stock\" \/>\n<meta property=\"product:availability\" content=\"out of stock\" \/>\n<meta property=\"product:retailer_item_id\" content=\"FG-turkish pharmacy-upline9981\" \/>\n<meta property=\"product:condition\" content=\"new\" \/>\n<!-- \/ Yoast SEO Premium plugin. -->","yoast_head_json":{"title":"Euthyrox 100mcg - Alprazolam Health","robots":{"index":"index","follow":"follow","max-snippet":"max-snippet:-1","max-image-preview":"max-image-preview:large","max-video-preview":"max-video-preview:-1"},"canonical":"https:\/\/alprahealth.com\/pl\/produkt\/euthyrox-100mcg\/","og_locale":"pl_PL","og_type":"article","og_title":"Euthyrox 100mcg","og_description":"Content: 50 tabs Place of Origin: Turkey Manufacturer: Merck Substances: T4 Category: Weight Loss","og_url":"https:\/\/alprahealth.com\/pl\/produkt\/euthyrox-100mcg\/","og_site_name":"Alprazolam Health","article_modified_time":"2025-03-15T18:16:10+00:00","twitter_card":"summary_large_image","twitter_misc":{"Cena":"&#36;14.00","Dost\u0119pno\u015b\u0107":"Brak w magazynie"},"schema":{"@context":"https:\/\/schema.org","@graph":[{"@type":"WebPage","@id":"https:\/\/alprahealth.com\/product\/euthyrox-100mcg\/","url":"https:\/\/alprahealth.com\/product\/euthyrox-100mcg\/","name":"Euthyrox 100mcg - Alprazolam Health","isPartOf":{"@id":"https:\/\/alprahealth.com\/#website"},"primaryImageOfPage":{"@id":"https:\/\/alprahealth.com\/product\/euthyrox-100mcg\/#primaryimage"},"image":{"@id":"https:\/\/alprahealth.com\/product\/euthyrox-100mcg\/#primaryimage"},"thumbnailUrl":"https:\/\/alprahealth.com\/wp-content\/uploads\/2025\/03\/100-mcg.jpg","datePublished":"2025-03-15T18:11:28+00:00","dateModified":"2025-03-15T18:16:10+00:00","breadcrumb":{"@id":"https:\/\/alprahealth.com\/product\/euthyrox-100mcg\/#breadcrumb"},"inLanguage":"pl-PL","potentialAction":[{"@type":"ReadAction","target":["https:\/\/alprahealth.com\/product\/euthyrox-100mcg\/"]}]},{"@type":"ImageObject","inLanguage":"pl-PL","@id":"https:\/\/alprahealth.com\/product\/euthyrox-100mcg\/#primaryimage","url":"https:\/\/alprahealth.com\/wp-content\/uploads\/2025\/03\/100-mcg.jpg","contentUrl":"https:\/\/alprahealth.com\/wp-content\/uploads\/2025\/03\/100-mcg.jpg","width":1280,"height":1280},{"@type":"BreadcrumbList","@id":"https:\/\/alprahealth.com\/product\/euthyrox-100mcg\/#breadcrumb","itemListElement":[{"@type":"ListItem","position":1,"name":"Home","item":"https:\/\/alprahealth.com\/"},{"@type":"ListItem","position":2,"name":"Shop","item":"https:\/\/alprahealth.com\/shop\/"},{"@type":"ListItem","position":3,"name":"Euthyrox 100mcg"}]},{"@type":"WebSite","@id":"https:\/\/alprahealth.com\/#website","url":"https:\/\/alprahealth.com\/","name":"Alprazolam Health","description":"Buy Alprazolam Online","publisher":{"@id":"https:\/\/alprahealth.com\/#organization"},"potentialAction":[{"@type":"SearchAction","target":{"@type":"EntryPoint","urlTemplate":"https:\/\/alprahealth.com\/?s={search_term_string}"},"query-input":{"@type":"PropertyValueSpecification","valueRequired":true,"valueName":"search_term_string"}}],"inLanguage":"pl-PL"},{"@type":"Organization","@id":"https:\/\/alprahealth.com\/#organization","name":"Alprazolam Health","url":"https:\/\/alprahealth.com\/","logo":{"@type":"ImageObject","inLanguage":"pl-PL","@id":"https:\/\/alprahealth.com\/#\/schema\/logo\/image\/","url":"https:\/\/alprahealth.com\/wp-content\/uploads\/2023\/04\/cropped-alprahealth.jpg","contentUrl":"https:\/\/alprahealth.com\/wp-content\/uploads\/2023\/04\/cropped-alprahealth.jpg","width":512,"height":512,"caption":"Alprazolam Health"},"image":{"@id":"https:\/\/alprahealth.com\/#\/schema\/logo\/image\/"}}]},"product_price_amount":"14.00","product_price_currency":"USD","og_availability":"out of stock","product_availability":"out of stock","product_retailer_item_id":"FG-turkish pharmacy-upline9981","product_condition":"new"},"_links":{"self":[{"href":"https:\/\/alprahealth.com\/pl\/wp-json\/wp\/v2\/product\/4598","targetHints":{"allow":["GET"]}}],"collection":[{"href":"https:\/\/alprahealth.com\/pl\/wp-json\/wp\/v2\/product"}],"about":[{"href":"https:\/\/alprahealth.com\/pl\/wp-json\/wp\/v2\/types\/product"}],"wp:featuredmedia":[{"embeddable":true,"href":"https:\/\/alprahealth.com\/pl\/wp-json\/wp\/v2\/media\/4654"}],"wp:attachment":[{"href":"https:\/\/alprahealth.com\/pl\/wp-json\/wp\/v2\/media?parent=4598"}],"wp:term":[{"taxonomy":"product_brand","embeddable":true,"href":"https:\/\/alprahealth.com\/pl\/wp-json\/wp\/v2\/product_brand?post=4598"},{"taxonomy":"product_cat","embeddable":true,"href":"https:\/\/alprahealth.com\/pl\/wp-json\/wp\/v2\/product_cat?post=4598"},{"taxonomy":"product_tag","embeddable":true,"href":"https:\/\/alprahealth.com\/pl\/wp-json\/wp\/v2\/product_tag?post=4598"}],"curies":[{"name":"wp","href":"https:\/\/api.w.org\/{rel}","templated":true}]}}